{"id":898,"date":"2020-08-23T10:42:18","date_gmt":"2020-08-23T07:42:18","guid":{"rendered":"https:\/\/patrimoniu-galvds.ro.sahclubdrobeta.ro\/?page_id=898"},"modified":"2020-08-23T10:42:19","modified_gmt":"2020-08-23T07:42:19","slug":"comuna-ostroveni","status":"publish","type":"page","link":"https:\/\/patrimoniu-galvds.ro\/en\/comuna-ostroveni\/","title":{"rendered":"Ostroveni Township"},"content":{"rendered":"<p> <iframe loading=\"lazy\" src=\"https:\/\/www.youtube.com\/embed\/7PsFwX8lgRQ\" width=\"560\" height=\"500\" frameborder=\"0\" allowfullscreen=\"allowfullscreen\"><\/iframe>  <\/p>\n\n\n\n<blockquote class=\"wp-block-quote\"><p><strong>\u00a0Township overview and contact details:<\/strong><\/p><\/blockquote>\n\n\n\n<p>The township has an area of 5465 ha and has a population of 5750 consisting of Ostroveni as its residence and the village of Li\u0219teava. The township is located in the south-eastern extremity of Dolj County, 4 km away from Bechet and 63 km away from Craiova. The basic activity of the inhabitants of Ostroveni is agriculture, supported by the two branches: livestock farming and plant cultivation, which is carried out mainly in individual households.<\/p>\n\n\n\n<blockquote class=\"wp-block-quote\"><p><strong>Contact details:<\/strong><\/p><\/blockquote>\n\n\n\n<p>Phone number: 0251.337366<\/p>\n\n\n\n<p>E-mail: comunaostroveni@yahoo.com<\/p>\n\n\n\n<p>www.comunaostroveni.ro<\/p>\n\n\n\n<blockquote class=\"wp-block-quote\"><p><strong>Brief history of the town<\/strong><\/p><\/blockquote>\n\n\n\n<p>The first attestation is the 1535 charter, written in Slavonic in which it is spoken of Li\u0219teava, a village of Ostroveni. Li\u0219teava has been mentioned since 1490 belonging to Sadova estate. The attestation of the settlement of Grindeni is brought to light in 1600 by another document written by Nicolae Voivode, to Viras Monastery. And the existence of the other villages, Or\u0103\u015fani and Ostroveni are documented since the Middle Ages, the one in Or\u0103\u015fani being issued by the royal chancellery on 25th of October 1563. The village of Ostroveni is documented on 29th of May 1637.<\/p>\n\n\n\n<blockquote class=\"wp-block-quote\"><p><strong>\u00a0Identification data of town halls:<\/strong><\/p><\/blockquote>\n\n\n\n<p>Ostroveni Town Hall is located on DN 55 A, str. Principal\u0103, No. 1278, Ostroveni Township, Dolj County<\/p>\n\n\n\n<blockquote class=\"wp-block-quote\"><p><strong>Identification data of objectives, locations, tourist attractions or events;<\/strong><\/p><\/blockquote>\n\n\n\n<p class=\" translation-block\">- The Cultural Home was put into service in 1959, together with the communal library until 1998. Since 1998, the communal library has its own headquarters - at the \u201cfour grades school\u201d. The first librarian was called Afronie Georgeta.<\/p>\n\n\n\n<p class=\" translation-block\">- The Church \u201cAssumption of Mary\u201d was built in 1796 and is located on Str. Bisericii in Ostroveni Township.<\/p>\n\n\n\n<p class=\" translation-block\">- The Church \u201cHoly Trinity\u201d is the oldest of the existing churches in Ostroveni, being built in 1793, in the former village of Or\u0103\u015fani.<\/p>\n\n\n\n<p class=\" translation-block\">- The Church of St. Nicholas was built in 1792 in the former village of Grindeni<\/p>\n\n\n\n<p class=\" translation-block\">- The Church \u201cSt. Nicholas\u201d dates back to the 18th century, 1845 and was restored between 1883 and 1885 being located in Li\u0219teava Commune on DJ551B.<\/p>\n\n\n\n<blockquote class=\"wp-block-quote\"><p><strong>Any other information deemed relevant.<\/strong><\/p><\/blockquote>\n\n\n\n<blockquote class=\"wp-block-quote\"><p><strong>Personalities:<\/strong><\/p><\/blockquote>\n\n\n\n<p><strong>Constantin Isac<\/strong> was born on 22nd of May 1927 in the village of Or\u0103\u015fani, Ostroveni commune, Dolj County, into a family of intellectuals.<\/p>\n\n\n\n<p><strong>George Bi\u021b\u0103 <\/strong>was born on 8th of September 1963 in Ostroveni County Dolj and was noted as a football player, participating in the 1986-1987 UEFA Cup.<\/p>\n\n\n\n<blockquote class=\"wp-block-quote\"><p><strong>Local events:<\/strong><\/p><\/blockquote>\n\n\n\n<blockquote class=\"wp-block-quote\"><p>Images Gallery:<\/p><\/blockquote>\n\n\n\n<figure class=\"wp-block-gallery columns-3 is-cropped wp-block-gallery-1 is-layout-flex wp-block-gallery-is-layout-flex\"><ul class=\"blocks-gallery-grid\"><li class=\"blocks-gallery-item\"><figure><img loading=\"lazy\" decoding=\"async\" width=\"800\" height=\"533\" src=\"https:\/\/patrimoniu-galvds.ro.sahclubdrobeta.ro\/wp-content\/uploads\/2020\/08\/tn_IMG_4946.jpg\" alt=\"\" data-id=\"899\" data-full-url=\"https:\/\/patrimoniu-galvds.ro.sahclubdrobeta.ro\/wp-content\/uploads\/2020\/08\/tn_IMG_4946.jpg\" data-link=\"https:\/\/patrimoniu-galvds.ro.sahclubdrobeta.ro\/?attachment_id=899\" class=\"wp-image-899\" srcset=\"https:\/\/patrimoniu-galvds.ro\/wp-content\/uploads\/2020\/08\/tn_IMG_4946.jpg 800w, https:\/\/patrimoniu-galvds.ro\/wp-content\/uploads\/2020\/08\/tn_IMG_4946-300x200.jpg 300w, https:\/\/patrimoniu-galvds.ro\/wp-content\/uploads\/2020\/08\/tn_IMG_4946-768x512.jpg 768w\" sizes=\"(max-width: 800px) 100vw, 800px\" \/><\/figure><\/li><li class=\"blocks-gallery-item\"><figure><img loading=\"lazy\" decoding=\"async\" width=\"800\" height=\"533\" src=\"https:\/\/patrimoniu-galvds.ro.sahclubdrobeta.ro\/wp-content\/uploads\/2020\/08\/tn_IMG_4951.jpg\" alt=\"\" data-id=\"900\" data-full-url=\"https:\/\/patrimoniu-galvds.ro.sahclubdrobeta.ro\/wp-content\/uploads\/2020\/08\/tn_IMG_4951.jpg\" data-link=\"https:\/\/patrimoniu-galvds.ro.sahclubdrobeta.ro\/?attachment_id=900\" class=\"wp-image-900\" srcset=\"https:\/\/patrimoniu-galvds.ro\/wp-content\/uploads\/2020\/08\/tn_IMG_4951.jpg 800w, https:\/\/patrimoniu-galvds.ro\/wp-content\/uploads\/2020\/08\/tn_IMG_4951-300x200.jpg 300w, https:\/\/patrimoniu-galvds.ro\/wp-content\/uploads\/2020\/08\/tn_IMG_4951-768x512.jpg 768w\" sizes=\"(max-width: 800px) 100vw, 800px\" \/><\/figure><\/li><li class=\"blocks-gallery-item\"><figure><img loading=\"lazy\" decoding=\"async\" width=\"800\" height=\"533\" src=\"https:\/\/patrimoniu-galvds.ro.sahclubdrobeta.ro\/wp-content\/uploads\/2020\/08\/tn_IMG_4952.jpg\" alt=\"\" data-id=\"901\" data-full-url=\"https:\/\/patrimoniu-galvds.ro.sahclubdrobeta.ro\/wp-content\/uploads\/2020\/08\/tn_IMG_4952.jpg\" data-link=\"https:\/\/patrimoniu-galvds.ro.sahclubdrobeta.ro\/?attachment_id=901\" class=\"wp-image-901\" srcset=\"https:\/\/patrimoniu-galvds.ro\/wp-content\/uploads\/2020\/08\/tn_IMG_4952.jpg 800w, https:\/\/patrimoniu-galvds.ro\/wp-content\/uploads\/2020\/08\/tn_IMG_4952-300x200.jpg 300w, https:\/\/patrimoniu-galvds.ro\/wp-content\/uploads\/2020\/08\/tn_IMG_4952-768x512.jpg 768w\" sizes=\"(max-width: 800px) 100vw, 800px\" \/><\/figure><\/li><li class=\"blocks-gallery-item\"><figure><img loading=\"lazy\" decoding=\"async\" width=\"800\" height=\"533\" src=\"https:\/\/patrimoniu-galvds.ro.sahclubdrobeta.ro\/wp-content\/uploads\/2020\/08\/tn_IMG_4954.jpg\" alt=\"\" data-id=\"902\" data-full-url=\"https:\/\/patrimoniu-galvds.ro.sahclubdrobeta.ro\/wp-content\/uploads\/2020\/08\/tn_IMG_4954.jpg\" data-link=\"https:\/\/patrimoniu-galvds.ro.sahclubdrobeta.ro\/?attachment_id=902\" class=\"wp-image-902\" srcset=\"https:\/\/patrimoniu-galvds.ro\/wp-content\/uploads\/2020\/08\/tn_IMG_4954.jpg 800w, https:\/\/patrimoniu-galvds.ro\/wp-content\/uploads\/2020\/08\/tn_IMG_4954-300x200.jpg 300w, https:\/\/patrimoniu-galvds.ro\/wp-content\/uploads\/2020\/08\/tn_IMG_4954-768x512.jpg 768w\" sizes=\"(max-width: 800px) 100vw, 800px\" \/><\/figure><\/li><li class=\"blocks-gallery-item\"><figure><img loading=\"lazy\" decoding=\"async\" width=\"800\" height=\"533\" src=\"https:\/\/patrimoniu-galvds.ro.sahclubdrobeta.ro\/wp-content\/uploads\/2020\/08\/tn_IMG_4955.jpg\" alt=\"\" data-id=\"903\" data-full-url=\"https:\/\/patrimoniu-galvds.ro.sahclubdrobeta.ro\/wp-content\/uploads\/2020\/08\/tn_IMG_4955.jpg\" data-link=\"https:\/\/patrimoniu-galvds.ro.sahclubdrobeta.ro\/?attachment_id=903\" class=\"wp-image-903\" srcset=\"https:\/\/patrimoniu-galvds.ro\/wp-content\/uploads\/2020\/08\/tn_IMG_4955.jpg 800w, https:\/\/patrimoniu-galvds.ro\/wp-content\/uploads\/2020\/08\/tn_IMG_4955-300x200.jpg 300w, https:\/\/patrimoniu-galvds.ro\/wp-content\/uploads\/2020\/08\/tn_IMG_4955-768x512.jpg 768w\" sizes=\"(max-width: 800px) 100vw, 800px\" \/><\/figure><\/li><li class=\"blocks-gallery-item\"><figure><img loading=\"lazy\" decoding=\"async\" width=\"800\" height=\"533\" src=\"https:\/\/patrimoniu-galvds.ro.sahclubdrobeta.ro\/wp-content\/uploads\/2020\/08\/tn_IMG_4957.jpg\" alt=\"\" data-id=\"904\" data-full-url=\"https:\/\/patrimoniu-galvds.ro.sahclubdrobeta.ro\/wp-content\/uploads\/2020\/08\/tn_IMG_4957.jpg\" data-link=\"https:\/\/patrimoniu-galvds.ro.sahclubdrobeta.ro\/?attachment_id=904\" class=\"wp-image-904\" srcset=\"https:\/\/patrimoniu-galvds.ro\/wp-content\/uploads\/2020\/08\/tn_IMG_4957.jpg 800w, https:\/\/patrimoniu-galvds.ro\/wp-content\/uploads\/2020\/08\/tn_IMG_4957-300x200.jpg 300w, https:\/\/patrimoniu-galvds.ro\/wp-content\/uploads\/2020\/08\/tn_IMG_4957-768x512.jpg 768w\" sizes=\"(max-width: 800px) 100vw, 800px\" \/><\/figure><\/li><li class=\"blocks-gallery-item\"><figure><img loading=\"lazy\" decoding=\"async\" width=\"400\" height=\"600\" src=\"https:\/\/patrimoniu-galvds.ro.sahclubdrobeta.ro\/wp-content\/uploads\/2020\/08\/tn_IMG_4959.jpg\" alt=\"\" data-id=\"905\" data-full-url=\"https:\/\/patrimoniu-galvds.ro.sahclubdrobeta.ro\/wp-content\/uploads\/2020\/08\/tn_IMG_4959.jpg\" data-link=\"https:\/\/patrimoniu-galvds.ro.sahclubdrobeta.ro\/?attachment_id=905\" class=\"wp-image-905\" srcset=\"https:\/\/patrimoniu-galvds.ro\/wp-content\/uploads\/2020\/08\/tn_IMG_4959.jpg 400w, https:\/\/patrimoniu-galvds.ro\/wp-content\/uploads\/2020\/08\/tn_IMG_4959-200x300.jpg 200w\" sizes=\"(max-width: 400px) 100vw, 400px\" \/><\/figure><\/li><li class=\"blocks-gallery-item\"><figure><img loading=\"lazy\" decoding=\"async\" width=\"800\" height=\"533\" src=\"https:\/\/patrimoniu-galvds.ro.sahclubdrobeta.ro\/wp-content\/uploads\/2020\/08\/tn_IMG_4960.jpg\" alt=\"\" data-id=\"906\" data-full-url=\"https:\/\/patrimoniu-galvds.ro.sahclubdrobeta.ro\/wp-content\/uploads\/2020\/08\/tn_IMG_4960.jpg\" data-link=\"https:\/\/patrimoniu-galvds.ro.sahclubdrobeta.ro\/?attachment_id=906\" class=\"wp-image-906\" srcset=\"https:\/\/patrimoniu-galvds.ro\/wp-content\/uploads\/2020\/08\/tn_IMG_4960.jpg 800w, https:\/\/patrimoniu-galvds.ro\/wp-content\/uploads\/2020\/08\/tn_IMG_4960-300x200.jpg 300w, https:\/\/patrimoniu-galvds.ro\/wp-content\/uploads\/2020\/08\/tn_IMG_4960-768x512.jpg 768w\" sizes=\"(max-width: 800px) 100vw, 800px\" \/><\/figure><\/li><li class=\"blocks-gallery-item\"><figure><img loading=\"lazy\" decoding=\"async\" width=\"400\" height=\"600\" src=\"https:\/\/patrimoniu-galvds.ro.sahclubdrobeta.ro\/wp-content\/uploads\/2020\/08\/tn_IMG_4961.jpg\" alt=\"\" data-id=\"907\" data-full-url=\"https:\/\/patrimoniu-galvds.ro.sahclubdrobeta.ro\/wp-content\/uploads\/2020\/08\/tn_IMG_4961.jpg\" data-link=\"https:\/\/patrimoniu-galvds.ro.sahclubdrobeta.ro\/?attachment_id=907\" class=\"wp-image-907\" srcset=\"https:\/\/patrimoniu-galvds.ro\/wp-content\/uploads\/2020\/08\/tn_IMG_4961.jpg 400w, https:\/\/patrimoniu-galvds.ro\/wp-content\/uploads\/2020\/08\/tn_IMG_4961-200x300.jpg 200w\" sizes=\"(max-width: 400px) 100vw, 400px\" \/><\/figure><\/li><li class=\"blocks-gallery-item\"><figure><img loading=\"lazy\" decoding=\"async\" width=\"800\" height=\"533\" src=\"https:\/\/patrimoniu-galvds.ro.sahclubdrobeta.ro\/wp-content\/uploads\/2020\/08\/tn_IMG_4962.jpg\" alt=\"\" data-id=\"908\" data-full-url=\"https:\/\/patrimoniu-galvds.ro.sahclubdrobeta.ro\/wp-content\/uploads\/2020\/08\/tn_IMG_4962.jpg\" data-link=\"https:\/\/patrimoniu-galvds.ro.sahclubdrobeta.ro\/?attachment_id=908\" class=\"wp-image-908\" srcset=\"https:\/\/patrimoniu-galvds.ro\/wp-content\/uploads\/2020\/08\/tn_IMG_4962.jpg 800w, https:\/\/patrimoniu-galvds.ro\/wp-content\/uploads\/2020\/08\/tn_IMG_4962-300x200.jpg 300w, https:\/\/patrimoniu-galvds.ro\/wp-content\/uploads\/2020\/08\/tn_IMG_4962-768x512.jpg 768w\" sizes=\"(max-width: 800px) 100vw, 800px\" \/><\/figure><\/li><li class=\"blocks-gallery-item\"><figure><img loading=\"lazy\" decoding=\"async\" width=\"800\" height=\"533\" src=\"https:\/\/patrimoniu-galvds.ro.sahclubdrobeta.ro\/wp-content\/uploads\/2020\/08\/tn_IMG_4966.jpg\" alt=\"\" data-id=\"909\" data-full-url=\"https:\/\/patrimoniu-galvds.ro.sahclubdrobeta.ro\/wp-content\/uploads\/2020\/08\/tn_IMG_4966.jpg\" data-link=\"https:\/\/patrimoniu-galvds.ro.sahclubdrobeta.ro\/?attachment_id=909\" class=\"wp-image-909\" srcset=\"https:\/\/patrimoniu-galvds.ro\/wp-content\/uploads\/2020\/08\/tn_IMG_4966.jpg 800w, https:\/\/patrimoniu-galvds.ro\/wp-content\/uploads\/2020\/08\/tn_IMG_4966-300x200.jpg 300w, https:\/\/patrimoniu-galvds.ro\/wp-content\/uploads\/2020\/08\/tn_IMG_4966-768x512.jpg 768w\" sizes=\"(max-width: 800px) 100vw, 800px\" \/><\/figure><\/li><li class=\"blocks-gallery-item\"><figure><img loading=\"lazy\" decoding=\"async\" width=\"400\" height=\"600\" src=\"https:\/\/patrimoniu-galvds.ro.sahclubdrobeta.ro\/wp-content\/uploads\/2020\/08\/tn_IMG_4967.jpg\" alt=\"\" data-id=\"910\" data-full-url=\"https:\/\/patrimoniu-galvds.ro.sahclubdrobeta.ro\/wp-content\/uploads\/2020\/08\/tn_IMG_4967.jpg\" data-link=\"https:\/\/patrimoniu-galvds.ro.sahclubdrobeta.ro\/?attachment_id=910\" class=\"wp-image-910\" srcset=\"https:\/\/patrimoniu-galvds.ro\/wp-content\/uploads\/2020\/08\/tn_IMG_4967.jpg 400w, https:\/\/patrimoniu-galvds.ro\/wp-content\/uploads\/2020\/08\/tn_IMG_4967-200x300.jpg 200w\" sizes=\"(max-width: 400px) 100vw, 400px\" \/><\/figure><\/li><li class=\"blocks-gallery-item\"><figure><img loading=\"lazy\" decoding=\"async\" width=\"800\" height=\"533\" src=\"https:\/\/patrimoniu-galvds.ro.sahclubdrobeta.ro\/wp-content\/uploads\/2020\/08\/tn_IMG_4972.jpg\" alt=\"\" data-id=\"911\" data-full-url=\"https:\/\/patrimoniu-galvds.ro.sahclubdrobeta.ro\/wp-content\/uploads\/2020\/08\/tn_IMG_4972.jpg\" data-link=\"https:\/\/patrimoniu-galvds.ro.sahclubdrobeta.ro\/?attachment_id=911\" class=\"wp-image-911\" srcset=\"https:\/\/patrimoniu-galvds.ro\/wp-content\/uploads\/2020\/08\/tn_IMG_4972.jpg 800w, https:\/\/patrimoniu-galvds.ro\/wp-content\/uploads\/2020\/08\/tn_IMG_4972-300x200.jpg 300w, https:\/\/patrimoniu-galvds.ro\/wp-content\/uploads\/2020\/08\/tn_IMG_4972-768x512.jpg 768w\" sizes=\"(max-width: 800px) 100vw, 800px\" \/><\/figure><\/li><li class=\"blocks-gallery-item\"><figure><img loading=\"lazy\" decoding=\"async\" width=\"400\" height=\"600\" src=\"https:\/\/patrimoniu-galvds.ro.sahclubdrobeta.ro\/wp-content\/uploads\/2020\/08\/tn_IMG_4974.jpg\" alt=\"\" data-id=\"912\" data-full-url=\"https:\/\/patrimoniu-galvds.ro.sahclubdrobeta.ro\/wp-content\/uploads\/2020\/08\/tn_IMG_4974.jpg\" data-link=\"https:\/\/patrimoniu-galvds.ro.sahclubdrobeta.ro\/?attachment_id=912\" class=\"wp-image-912\" srcset=\"https:\/\/patrimoniu-galvds.ro\/wp-content\/uploads\/2020\/08\/tn_IMG_4974.jpg 400w, https:\/\/patrimoniu-galvds.ro\/wp-content\/uploads\/2020\/08\/tn_IMG_4974-200x300.jpg 200w\" sizes=\"(max-width: 400px) 100vw, 400px\" \/><\/figure><\/li><li class=\"blocks-gallery-item\"><figure><img loading=\"lazy\" decoding=\"async\" width=\"800\" height=\"533\" src=\"https:\/\/patrimoniu-galvds.ro.sahclubdrobeta.ro\/wp-content\/uploads\/2020\/08\/tn_IMG_4976.jpg\" alt=\"\" data-id=\"913\" data-full-url=\"https:\/\/patrimoniu-galvds.ro.sahclubdrobeta.ro\/wp-content\/uploads\/2020\/08\/tn_IMG_4976.jpg\" data-link=\"https:\/\/patrimoniu-galvds.ro.sahclubdrobeta.ro\/?attachment_id=913\" class=\"wp-image-913\" srcset=\"https:\/\/patrimoniu-galvds.ro\/wp-content\/uploads\/2020\/08\/tn_IMG_4976.jpg 800w, https:\/\/patrimoniu-galvds.ro\/wp-content\/uploads\/2020\/08\/tn_IMG_4976-300x200.jpg 300w, https:\/\/patrimoniu-galvds.ro\/wp-content\/uploads\/2020\/08\/tn_IMG_4976-768x512.jpg 768w\" sizes=\"(max-width: 800px) 100vw, 800px\" \/><\/figure><\/li><li class=\"blocks-gallery-item\"><figure><img loading=\"lazy\" decoding=\"async\" width=\"800\" height=\"533\" src=\"https:\/\/patrimoniu-galvds.ro.sahclubdrobeta.ro\/wp-content\/uploads\/2020\/08\/tn_IMG_4981.jpg\" alt=\"\" data-id=\"914\" data-full-url=\"https:\/\/patrimoniu-galvds.ro.sahclubdrobeta.ro\/wp-content\/uploads\/2020\/08\/tn_IMG_4981.jpg\" data-link=\"https:\/\/patrimoniu-galvds.ro.sahclubdrobeta.ro\/?attachment_id=914\" class=\"wp-image-914\" srcset=\"https:\/\/patrimoniu-galvds.ro\/wp-content\/uploads\/2020\/08\/tn_IMG_4981.jpg 800w, https:\/\/patrimoniu-galvds.ro\/wp-content\/uploads\/2020\/08\/tn_IMG_4981-300x200.jpg 300w, https:\/\/patrimoniu-galvds.ro\/wp-content\/uploads\/2020\/08\/tn_IMG_4981-768x512.jpg 768w\" sizes=\"(max-width: 800px) 100vw, 800px\" \/><\/figure><\/li><li class=\"blocks-gallery-item\"><figure><img loading=\"lazy\" decoding=\"async\" width=\"800\" height=\"533\" src=\"https:\/\/patrimoniu-galvds.ro.sahclubdrobeta.ro\/wp-content\/uploads\/2020\/08\/tn_IMG_4985.jpg\" alt=\"\" data-id=\"915\" data-full-url=\"https:\/\/patrimoniu-galvds.ro.sahclubdrobeta.ro\/wp-content\/uploads\/2020\/08\/tn_IMG_4985.jpg\" data-link=\"https:\/\/patrimoniu-galvds.ro.sahclubdrobeta.ro\/?attachment_id=915\" class=\"wp-image-915\" srcset=\"https:\/\/patrimoniu-galvds.ro\/wp-content\/uploads\/2020\/08\/tn_IMG_4985.jpg 800w, https:\/\/patrimoniu-galvds.ro\/wp-content\/uploads\/2020\/08\/tn_IMG_4985-300x200.jpg 300w, https:\/\/patrimoniu-galvds.ro\/wp-content\/uploads\/2020\/08\/tn_IMG_4985-768x512.jpg 768w\" sizes=\"(max-width: 800px) 100vw, 800px\" \/><\/figure><\/li><li class=\"blocks-gallery-item\"><figure><img loading=\"lazy\" decoding=\"async\" width=\"800\" height=\"533\" src=\"https:\/\/patrimoniu-galvds.ro.sahclubdrobeta.ro\/wp-content\/uploads\/2020\/08\/tn_IMG_4994.jpg\" alt=\"\" data-id=\"916\" data-full-url=\"https:\/\/patrimoniu-galvds.ro.sahclubdrobeta.ro\/wp-content\/uploads\/2020\/08\/tn_IMG_4994.jpg\" data-link=\"https:\/\/patrimoniu-galvds.ro.sahclubdrobeta.ro\/?attachment_id=916\" class=\"wp-image-916\" srcset=\"https:\/\/patrimoniu-galvds.ro\/wp-content\/uploads\/2020\/08\/tn_IMG_4994.jpg 800w, https:\/\/patrimoniu-galvds.ro\/wp-content\/uploads\/2020\/08\/tn_IMG_4994-300x200.jpg 300w, https:\/\/patrimoniu-galvds.ro\/wp-content\/uploads\/2020\/08\/tn_IMG_4994-768x512.jpg 768w\" sizes=\"(max-width: 800px) 100vw, 800px\" \/><\/figure><\/li><li class=\"blocks-gallery-item\"><figure><img loading=\"lazy\" decoding=\"async\" width=\"400\" height=\"600\" src=\"https:\/\/patrimoniu-galvds.ro.sahclubdrobeta.ro\/wp-content\/uploads\/2020\/08\/tn_IMG_4997.jpg\" alt=\"\" data-id=\"917\" data-full-url=\"https:\/\/patrimoniu-galvds.ro.sahclubdrobeta.ro\/wp-content\/uploads\/2020\/08\/tn_IMG_4997.jpg\" data-link=\"https:\/\/patrimoniu-galvds.ro.sahclubdrobeta.ro\/?attachment_id=917\" class=\"wp-image-917\" srcset=\"https:\/\/patrimoniu-galvds.ro\/wp-content\/uploads\/2020\/08\/tn_IMG_4997.jpg 400w, https:\/\/patrimoniu-galvds.ro\/wp-content\/uploads\/2020\/08\/tn_IMG_4997-200x300.jpg 200w\" sizes=\"(max-width: 400px) 100vw, 400px\" \/><\/figure><\/li><li class=\"blocks-gallery-item\"><figure><img loading=\"lazy\" decoding=\"async\" width=\"400\" height=\"600\" src=\"https:\/\/patrimoniu-galvds.ro.sahclubdrobeta.ro\/wp-content\/uploads\/2020\/08\/tn_IMG_5005.jpg\" alt=\"\" data-id=\"918\" data-full-url=\"https:\/\/patrimoniu-galvds.ro.sahclubdrobeta.ro\/wp-content\/uploads\/2020\/08\/tn_IMG_5005.jpg\" data-link=\"https:\/\/patrimoniu-galvds.ro.sahclubdrobeta.ro\/?attachment_id=918\" class=\"wp-image-918\" srcset=\"https:\/\/patrimoniu-galvds.ro\/wp-content\/uploads\/2020\/08\/tn_IMG_5005.jpg 400w, https:\/\/patrimoniu-galvds.ro\/wp-content\/uploads\/2020\/08\/tn_IMG_5005-200x300.jpg 200w\" sizes=\"(max-width: 400px) 100vw, 400px\" \/><\/figure><\/li><li class=\"blocks-gallery-item\"><figure><img loading=\"lazy\" decoding=\"async\" width=\"800\" height=\"533\" src=\"https:\/\/patrimoniu-galvds.ro.sahclubdrobeta.ro\/wp-content\/uploads\/2020\/08\/tn_IMG_5277.jpg\" alt=\"\" data-id=\"919\" data-full-url=\"https:\/\/patrimoniu-galvds.ro.sahclubdrobeta.ro\/wp-content\/uploads\/2020\/08\/tn_IMG_5277.jpg\" data-link=\"https:\/\/patrimoniu-galvds.ro.sahclubdrobeta.ro\/?attachment_id=919\" class=\"wp-image-919\" srcset=\"https:\/\/patrimoniu-galvds.ro\/wp-content\/uploads\/2020\/08\/tn_IMG_5277.jpg 800w, https:\/\/patrimoniu-galvds.ro\/wp-content\/uploads\/2020\/08\/tn_IMG_5277-300x200.jpg 300w, https:\/\/patrimoniu-galvds.ro\/wp-content\/uploads\/2020\/08\/tn_IMG_5277-768x512.jpg 768w\" sizes=\"(max-width: 800px) 100vw, 800px\" \/><\/figure><\/li><li class=\"blocks-gallery-item\"><figure><img loading=\"lazy\" decoding=\"async\" width=\"400\" height=\"600\" src=\"https:\/\/patrimoniu-galvds.ro.sahclubdrobeta.ro\/wp-content\/uploads\/2020\/08\/tn_IMG_5278.jpg\" alt=\"\" data-id=\"920\" data-full-url=\"https:\/\/patrimoniu-galvds.ro.sahclubdrobeta.ro\/wp-content\/uploads\/2020\/08\/tn_IMG_5278.jpg\" data-link=\"https:\/\/patrimoniu-galvds.ro.sahclubdrobeta.ro\/?attachment_id=920\" class=\"wp-image-920\" srcset=\"https:\/\/patrimoniu-galvds.ro\/wp-content\/uploads\/2020\/08\/tn_IMG_5278.jpg 400w, https:\/\/patrimoniu-galvds.ro\/wp-content\/uploads\/2020\/08\/tn_IMG_5278-200x300.jpg 200w\" sizes=\"(max-width: 400px) 100vw, 400px\" \/><\/figure><\/li><li class=\"blocks-gallery-item\"><figure><img loading=\"lazy\" decoding=\"async\" width=\"800\" height=\"533\" src=\"https:\/\/patrimoniu-galvds.ro.sahclubdrobeta.ro\/wp-content\/uploads\/2020\/08\/tn_IMG_5279.jpg\" alt=\"\" data-id=\"921\" data-full-url=\"https:\/\/patrimoniu-galvds.ro.sahclubdrobeta.ro\/wp-content\/uploads\/2020\/08\/tn_IMG_5279.jpg\" data-link=\"https:\/\/patrimoniu-galvds.ro.sahclubdrobeta.ro\/?attachment_id=921\" class=\"wp-image-921\" srcset=\"https:\/\/patrimoniu-galvds.ro\/wp-content\/uploads\/2020\/08\/tn_IMG_5279.jpg 800w, https:\/\/patrimoniu-galvds.ro\/wp-content\/uploads\/2020\/08\/tn_IMG_5279-300x200.jpg 300w, https:\/\/patrimoniu-galvds.ro\/wp-content\/uploads\/2020\/08\/tn_IMG_5279-768x512.jpg 768w\" sizes=\"(max-width: 800px) 100vw, 800px\" \/><\/figure><\/li><\/ul><\/figure>","protected":false},"excerpt":{"rendered":"<p>Prezentare general\u0103 a localit\u0103\u021bii; Comuna de\u021bine o suprafa\u021ba de 5465 ha \u0219i are o popula\u021bie de 5750 fiind format\u0103 din Ostroveni ca re\u0219edin\u021ba \u0219i satul Li\u0219teava. Comuna este situat\u0103 \u00een extremitatea sud-estic\u0103 a jude\u0163ului Dolj,la 4km de Bechet \u0219i la 63 km distan\u0163\u0103 de Craiova. Activitatea de baz\u0103 a locuitorilor comunei Ostroveni este agricultura, sus\u0163inut\u0103 [&hellip;]<\/p>","protected":false},"author":1,"featured_media":0,"parent":0,"menu_order":0,"comment_status":"closed","ping_status":"closed","template":"","meta":{"footnotes":""},"_links":{"self":[{"href":"https:\/\/patrimoniu-galvds.ro\/en\/wp-json\/wp\/v2\/pages\/898"}],"collection":[{"href":"https:\/\/patrimoniu-galvds.ro\/en\/wp-json\/wp\/v2\/pages"}],"about":[{"href":"https:\/\/patrimoniu-galvds.ro\/en\/wp-json\/wp\/v2\/types\/page"}],"author":[{"embeddable":true,"href":"https:\/\/patrimoniu-galvds.ro\/en\/wp-json\/wp\/v2\/users\/1"}],"replies":[{"embeddable":true,"href":"https:\/\/patrimoniu-galvds.ro\/en\/wp-json\/wp\/v2\/comments?post=898"}],"version-history":[{"count":1,"href":"https:\/\/patrimoniu-galvds.ro\/en\/wp-json\/wp\/v2\/pages\/898\/revisions"}],"predecessor-version":[{"id":922,"href":"https:\/\/patrimoniu-galvds.ro\/en\/wp-json\/wp\/v2\/pages\/898\/revisions\/922"}],"wp:attachment":[{"href":"https:\/\/patrimoniu-galvds.ro\/en\/wp-json\/wp\/v2\/media?parent=898"}],"curies":[{"name":"wp","href":"https:\/\/api.w.org\/{rel}","templated":true}]}}