{"id":818,"date":"2020-08-23T08:39:54","date_gmt":"2020-08-23T05:39:54","guid":{"rendered":"https:\/\/patrimoniu-galvds.ro.sahclubdrobeta.ro\/?page_id=818"},"modified":"2020-08-23T08:39:55","modified_gmt":"2020-08-23T05:39:55","slug":"comuna-gighera","status":"publish","type":"page","link":"https:\/\/patrimoniu-galvds.ro\/en\/comuna-gighera\/","title":{"rendered":"Gighera Township"},"content":{"rendered":"<p> <iframe loading=\"lazy\" src=\"https:\/\/www.youtube.com\/embed\/IplDFvwOkrc\" width=\"560\" height=\"500\" frameborder=\"0\" allowfullscreen=\"allowfullscreen\"><\/iframe>  <\/p>\n\n\n\n<blockquote class=\"wp-block-quote\"><p><strong>Overview:<\/strong><\/p><\/blockquote>\n\n\n\n<p>The locality consists of 3 villages: Gighera as residence, Z\u0103val and Nedeia and has an area of 12968 ha and a population of 3013. The township is located in the southern part of Dolj County, at the confluence of Jiu River with the Danube, on DN 55A Calafat-Bechet, at a distance of 65 km away from the town of Craiova, 35 km away from the town of Segarcea, and 85 km away from the town of Calafat and 10 km from the town of Bechet. Area-specific activities are agriculture, livestock farming and fishing.<\/p>\n\n\n\n<blockquote class=\"wp-block-quote\"><p><strong>Contact details:<\/strong><\/p><\/blockquote>\n\n\n\n<p>Phone number: 0251-353011<\/p>\n\n\n\n<p>E-mail: gighera@cjdolj.ro<\/p>\n\n\n\n<blockquote class=\"wp-block-quote\"><p><strong>Brief history:<\/strong><\/p><\/blockquote>\n\n\n\n<p>The township is located on the current place from 1837-38, because until this date it was located further south by a km, in the place called today S\u0103li\u0219te. The move was caused by the flying sands. In ancient times it formed a village named Nedei\u0163a, which existed as early as 1672. It is not known when the name change from Nedei\u0163a to Gighera dates back. The name is found in the decision book of G\u00e2ngiova, Como\u0219teni, Gighera estate, drawn up by the boundary engineer A. T. Robertescu, in 1885, where under the heading \u201cthe documents of the property\u201d, under point 1 the name Nedei\u0163a is mentioned, after the document of donation made by the ruler Grigore Ghica, to the Monastery of Sadova. Also in this book, the denomination of Nedei\u0163a appears in an exchange document made in 7217 (i.e. 1709, May 1st), between Constantin Br\u00e2ncoveanu Voivode and the Egumen of Sadova Monastery, Gighera estate is therefore attached to the G\u00e2ngiova Br\u00e2ncovenesc estate, and Sadova belongs from this point to the monastery. Since ancient times, at this township, south to the Danube, there was Copani\u021ba scaffold, where different cereals are loaded for export. Copani\u021ba is the name of the ait next to the township.<\/p>\n\n\n\n<p>About the belonging village Nedeia is stated that \u201cit derives its name from Nedeia Fortress, established by the Phoenicians\u201d and located in the place called Marmurele, after the name of a pond smaller than the large pond (Nedeia pond). On the territory of this locality, at the point called \u201cGura G\u00e2rlei Nedeia\u201d, near the Danube, there are some defensive works done by the Romanian army during the war of 1877-1878, called by the inhabitants \u201cat the batteries\u201d.<\/p>\n\n\n\n<blockquote class=\"wp-block-quote\"><p><strong>Identification data:<\/strong><\/p><\/blockquote>\n\n\n\n<p>The town hall of Gighera is located on DN 55A Calafat-Bechet, Str. Principal\u0103, no. 184, Gighera Municipality, Dolj County.<\/p>\n\n\n\n<blockquote class=\"wp-block-quote\"><p><strong>Puncte interes:<\/strong><\/p><\/blockquote>\n\n\n\n<p><strong>- The Church of St. Dumitru <\/strong>in Nedeia village, Gighera Township, was built in 1848 and rebuilt in 1936. The church is located on DJ.<\/p>\n\n\n\n<p><strong>- The ait Copani\u021ba <\/strong>is an island with an area of 275 ha, located in the middle of the Danube River and next to Gighera. Since ancient times, there was Copani\u021ba scaffold, where different cereals were loaded for export.<\/p>\n\n\n\n<p><strong>- Z\u0103val Forest <\/strong>is a mixed forest of forest, with species of oak, ash and elm this type of habitat includes species with hardwood located in the major riverbed, regularly exposed to flooding during the period of water level rising, or in low-lying areas, exposed to floods caused by the rise of groundwater. A large part of Z\u0103val forest at north of DN55A is occupied by poplar plantations which most likely have replaced the characteristic species of the habitat. In the southern part, however, there is an area of Riparian forest in very good conservation condition. The forest is crossed by several water channels that have a temporary status. Ashes and oak trees in Z\u0103val Forest are more than 80 years old.<\/p>\n\n\n\n<blockquote class=\"wp-block-quote\"><p><strong>Other information:<\/strong><\/p><\/blockquote>\n\n\n\n<blockquote class=\"wp-block-quote\"><p><strong>Personalities:<\/strong><\/p><\/blockquote>\n\n\n\n<p><strong>&#8211; Nicolae Negril\u0103<\/strong>, born on 23rd of July 1954 in Gighera Township, Dolj, is a former Romanian footballer, currently a football coach. He played for the Romanian national football team and Craiova University. In March 2008 he was awarded the Order \u201cSports Merit\u201d 3rd Class, for his participation in the 1984 European Championship and for all his activity.<\/p>\n\n\n\n<p><strong>&#8211; Florian St\u0103nescu<\/strong>, born on 27th of March 1911 in the township of Gighera, Dolj, was a priest in Urzica, Romana\u0163i; Muiereasca, V\u00e2lcea; Co\u0219una, Bucov\u0103\u0163, Gighera \u2013 Dolj, until 1976. He wrote over 100 articles, studies, conferences, reviews, notes, being remembered by Nicolae Iorga and other historians. Friend of Liviu Rebreanu, Ioan Alexandru, Al. Br\u0103tescu Voine\u0219ti, N. Iorga, M. Sadoveanu, Ionel Teodoreanu, Gala Galaction, Ion Ag\u00e2rbiceanu, Elena Farago, Eugen Constant.<\/p>\n\n\n\n<blockquote class=\"wp-block-quote\"><p><strong>Local events:<\/strong><\/p><\/blockquote>\n\n\n\n<p>- The week fair that takes place every Friday in the village of Z\u0103val<br>- The Field Feast \u201cIn the forest at Z\u0103val\u201d, which takes place on the first Sunday in August<\/p>\n\n\n\n<blockquote class=\"wp-block-quote\"><p>Images Gallery:<\/p><\/blockquote>\n\n\n\n<figure class=\"wp-block-gallery columns-3 is-cropped wp-block-gallery-1 is-layout-flex wp-block-gallery-is-layout-flex\"><ul class=\"blocks-gallery-grid\"><li class=\"blocks-gallery-item\"><figure><img loading=\"lazy\" decoding=\"async\" width=\"800\" height=\"533\" src=\"https:\/\/patrimoniu-galvds.ro.sahclubdrobeta.ro\/wp-content\/uploads\/2020\/08\/tn_IMG_5211.jpg\" alt=\"\" data-id=\"819\" data-full-url=\"https:\/\/patrimoniu-galvds.ro.sahclubdrobeta.ro\/wp-content\/uploads\/2020\/08\/tn_IMG_5211.jpg\" data-link=\"https:\/\/patrimoniu-galvds.ro.sahclubdrobeta.ro\/?attachment_id=819\" class=\"wp-image-819\" srcset=\"https:\/\/patrimoniu-galvds.ro\/wp-content\/uploads\/2020\/08\/tn_IMG_5211.jpg 800w, https:\/\/patrimoniu-galvds.ro\/wp-content\/uploads\/2020\/08\/tn_IMG_5211-300x200.jpg 300w, https:\/\/patrimoniu-galvds.ro\/wp-content\/uploads\/2020\/08\/tn_IMG_5211-768x512.jpg 768w\" sizes=\"(max-width: 800px) 100vw, 800px\" \/><\/figure><\/li><li class=\"blocks-gallery-item\"><figure><img loading=\"lazy\" decoding=\"async\" width=\"800\" height=\"533\" src=\"https:\/\/patrimoniu-galvds.ro.sahclubdrobeta.ro\/wp-content\/uploads\/2020\/08\/tn_IMG_5214.jpg\" alt=\"\" data-id=\"820\" data-full-url=\"https:\/\/patrimoniu-galvds.ro.sahclubdrobeta.ro\/wp-content\/uploads\/2020\/08\/tn_IMG_5214.jpg\" data-link=\"https:\/\/patrimoniu-galvds.ro.sahclubdrobeta.ro\/?attachment_id=820\" class=\"wp-image-820\" srcset=\"https:\/\/patrimoniu-galvds.ro\/wp-content\/uploads\/2020\/08\/tn_IMG_5214.jpg 800w, https:\/\/patrimoniu-galvds.ro\/wp-content\/uploads\/2020\/08\/tn_IMG_5214-300x200.jpg 300w, https:\/\/patrimoniu-galvds.ro\/wp-content\/uploads\/2020\/08\/tn_IMG_5214-768x512.jpg 768w\" sizes=\"(max-width: 800px) 100vw, 800px\" \/><\/figure><\/li><li class=\"blocks-gallery-item\"><figure><img loading=\"lazy\" decoding=\"async\" width=\"800\" height=\"533\" src=\"https:\/\/patrimoniu-galvds.ro.sahclubdrobeta.ro\/wp-content\/uploads\/2020\/08\/tn_IMG_5217.jpg\" alt=\"\" data-id=\"821\" data-full-url=\"https:\/\/patrimoniu-galvds.ro.sahclubdrobeta.ro\/wp-content\/uploads\/2020\/08\/tn_IMG_5217.jpg\" data-link=\"https:\/\/patrimoniu-galvds.ro.sahclubdrobeta.ro\/?attachment_id=821\" class=\"wp-image-821\" srcset=\"https:\/\/patrimoniu-galvds.ro\/wp-content\/uploads\/2020\/08\/tn_IMG_5217.jpg 800w, https:\/\/patrimoniu-galvds.ro\/wp-content\/uploads\/2020\/08\/tn_IMG_5217-300x200.jpg 300w, https:\/\/patrimoniu-galvds.ro\/wp-content\/uploads\/2020\/08\/tn_IMG_5217-768x512.jpg 768w\" sizes=\"(max-width: 800px) 100vw, 800px\" \/><\/figure><\/li><li class=\"blocks-gallery-item\"><figure><img loading=\"lazy\" decoding=\"async\" width=\"800\" height=\"533\" src=\"https:\/\/patrimoniu-galvds.ro.sahclubdrobeta.ro\/wp-content\/uploads\/2020\/08\/tn_IMG_5221.jpg\" alt=\"\" data-id=\"822\" data-full-url=\"https:\/\/patrimoniu-galvds.ro.sahclubdrobeta.ro\/wp-content\/uploads\/2020\/08\/tn_IMG_5221.jpg\" data-link=\"https:\/\/patrimoniu-galvds.ro.sahclubdrobeta.ro\/?attachment_id=822\" class=\"wp-image-822\" srcset=\"https:\/\/patrimoniu-galvds.ro\/wp-content\/uploads\/2020\/08\/tn_IMG_5221.jpg 800w, https:\/\/patrimoniu-galvds.ro\/wp-content\/uploads\/2020\/08\/tn_IMG_5221-300x200.jpg 300w, https:\/\/patrimoniu-galvds.ro\/wp-content\/uploads\/2020\/08\/tn_IMG_5221-768x512.jpg 768w\" sizes=\"(max-width: 800px) 100vw, 800px\" \/><\/figure><\/li><li class=\"blocks-gallery-item\"><figure><img loading=\"lazy\" decoding=\"async\" width=\"800\" height=\"533\" src=\"https:\/\/patrimoniu-galvds.ro.sahclubdrobeta.ro\/wp-content\/uploads\/2020\/08\/tn_IMG_5227.jpg\" alt=\"\" data-id=\"823\" data-full-url=\"https:\/\/patrimoniu-galvds.ro.sahclubdrobeta.ro\/wp-content\/uploads\/2020\/08\/tn_IMG_5227.jpg\" data-link=\"https:\/\/patrimoniu-galvds.ro.sahclubdrobeta.ro\/?attachment_id=823\" class=\"wp-image-823\" srcset=\"https:\/\/patrimoniu-galvds.ro\/wp-content\/uploads\/2020\/08\/tn_IMG_5227.jpg 800w, https:\/\/patrimoniu-galvds.ro\/wp-content\/uploads\/2020\/08\/tn_IMG_5227-300x200.jpg 300w, https:\/\/patrimoniu-galvds.ro\/wp-content\/uploads\/2020\/08\/tn_IMG_5227-768x512.jpg 768w\" sizes=\"(max-width: 800px) 100vw, 800px\" \/><\/figure><\/li><li class=\"blocks-gallery-item\"><figure><img loading=\"lazy\" decoding=\"async\" width=\"800\" height=\"533\" src=\"https:\/\/patrimoniu-galvds.ro.sahclubdrobeta.ro\/wp-content\/uploads\/2020\/08\/tn_IMG_5233.jpg\" alt=\"\" data-id=\"824\" data-full-url=\"https:\/\/patrimoniu-galvds.ro.sahclubdrobeta.ro\/wp-content\/uploads\/2020\/08\/tn_IMG_5233.jpg\" data-link=\"https:\/\/patrimoniu-galvds.ro.sahclubdrobeta.ro\/?attachment_id=824\" class=\"wp-image-824\" srcset=\"https:\/\/patrimoniu-galvds.ro\/wp-content\/uploads\/2020\/08\/tn_IMG_5233.jpg 800w, https:\/\/patrimoniu-galvds.ro\/wp-content\/uploads\/2020\/08\/tn_IMG_5233-300x200.jpg 300w, https:\/\/patrimoniu-galvds.ro\/wp-content\/uploads\/2020\/08\/tn_IMG_5233-768x512.jpg 768w\" sizes=\"(max-width: 800px) 100vw, 800px\" \/><\/figure><\/li><li class=\"blocks-gallery-item\"><figure><img loading=\"lazy\" decoding=\"async\" width=\"800\" height=\"533\" src=\"https:\/\/patrimoniu-galvds.ro.sahclubdrobeta.ro\/wp-content\/uploads\/2020\/08\/tn_IMG_5237.jpg\" alt=\"\" data-id=\"825\" data-full-url=\"https:\/\/patrimoniu-galvds.ro.sahclubdrobeta.ro\/wp-content\/uploads\/2020\/08\/tn_IMG_5237.jpg\" data-link=\"https:\/\/patrimoniu-galvds.ro.sahclubdrobeta.ro\/?attachment_id=825\" class=\"wp-image-825\" srcset=\"https:\/\/patrimoniu-galvds.ro\/wp-content\/uploads\/2020\/08\/tn_IMG_5237.jpg 800w, https:\/\/patrimoniu-galvds.ro\/wp-content\/uploads\/2020\/08\/tn_IMG_5237-300x200.jpg 300w, https:\/\/patrimoniu-galvds.ro\/wp-content\/uploads\/2020\/08\/tn_IMG_5237-768x512.jpg 768w\" sizes=\"(max-width: 800px) 100vw, 800px\" \/><\/figure><\/li><li class=\"blocks-gallery-item\"><figure><img loading=\"lazy\" decoding=\"async\" width=\"800\" height=\"533\" src=\"https:\/\/patrimoniu-galvds.ro.sahclubdrobeta.ro\/wp-content\/uploads\/2020\/08\/tn_IMG_5241.jpg\" alt=\"\" data-id=\"826\" data-full-url=\"https:\/\/patrimoniu-galvds.ro.sahclubdrobeta.ro\/wp-content\/uploads\/2020\/08\/tn_IMG_5241.jpg\" data-link=\"https:\/\/patrimoniu-galvds.ro.sahclubdrobeta.ro\/?attachment_id=826\" class=\"wp-image-826\" srcset=\"https:\/\/patrimoniu-galvds.ro\/wp-content\/uploads\/2020\/08\/tn_IMG_5241.jpg 800w, https:\/\/patrimoniu-galvds.ro\/wp-content\/uploads\/2020\/08\/tn_IMG_5241-300x200.jpg 300w, https:\/\/patrimoniu-galvds.ro\/wp-content\/uploads\/2020\/08\/tn_IMG_5241-768x512.jpg 768w\" sizes=\"(max-width: 800px) 100vw, 800px\" \/><\/figure><\/li><li class=\"blocks-gallery-item\"><figure><img loading=\"lazy\" decoding=\"async\" width=\"800\" height=\"533\" src=\"https:\/\/patrimoniu-galvds.ro.sahclubdrobeta.ro\/wp-content\/uploads\/2020\/08\/tn_IMG_5280.jpg\" alt=\"\" data-id=\"827\" data-full-url=\"https:\/\/patrimoniu-galvds.ro.sahclubdrobeta.ro\/wp-content\/uploads\/2020\/08\/tn_IMG_5280.jpg\" data-link=\"https:\/\/patrimoniu-galvds.ro.sahclubdrobeta.ro\/?attachment_id=827\" class=\"wp-image-827\" srcset=\"https:\/\/patrimoniu-galvds.ro\/wp-content\/uploads\/2020\/08\/tn_IMG_5280.jpg 800w, https:\/\/patrimoniu-galvds.ro\/wp-content\/uploads\/2020\/08\/tn_IMG_5280-300x200.jpg 300w, https:\/\/patrimoniu-galvds.ro\/wp-content\/uploads\/2020\/08\/tn_IMG_5280-768x512.jpg 768w\" sizes=\"(max-width: 800px) 100vw, 800px\" \/><\/figure><\/li><li class=\"blocks-gallery-item\"><figure><img loading=\"lazy\" decoding=\"async\" width=\"800\" height=\"533\" src=\"https:\/\/patrimoniu-galvds.ro.sahclubdrobeta.ro\/wp-content\/uploads\/2020\/08\/tn_IMG_5281.jpg\" alt=\"\" data-id=\"828\" data-full-url=\"https:\/\/patrimoniu-galvds.ro.sahclubdrobeta.ro\/wp-content\/uploads\/2020\/08\/tn_IMG_5281.jpg\" data-link=\"https:\/\/patrimoniu-galvds.ro.sahclubdrobeta.ro\/?attachment_id=828\" class=\"wp-image-828\" srcset=\"https:\/\/patrimoniu-galvds.ro\/wp-content\/uploads\/2020\/08\/tn_IMG_5281.jpg 800w, https:\/\/patrimoniu-galvds.ro\/wp-content\/uploads\/2020\/08\/tn_IMG_5281-300x200.jpg 300w, https:\/\/patrimoniu-galvds.ro\/wp-content\/uploads\/2020\/08\/tn_IMG_5281-768x512.jpg 768w\" sizes=\"(max-width: 800px) 100vw, 800px\" \/><\/figure><\/li><li class=\"blocks-gallery-item\"><figure><img loading=\"lazy\" decoding=\"async\" width=\"800\" height=\"533\" src=\"https:\/\/patrimoniu-galvds.ro.sahclubdrobeta.ro\/wp-content\/uploads\/2020\/08\/tn_IMG_5282.jpg\" alt=\"\" data-id=\"829\" data-full-url=\"https:\/\/patrimoniu-galvds.ro.sahclubdrobeta.ro\/wp-content\/uploads\/2020\/08\/tn_IMG_5282.jpg\" data-link=\"https:\/\/patrimoniu-galvds.ro.sahclubdrobeta.ro\/?attachment_id=829\" class=\"wp-image-829\" srcset=\"https:\/\/patrimoniu-galvds.ro\/wp-content\/uploads\/2020\/08\/tn_IMG_5282.jpg 800w, https:\/\/patrimoniu-galvds.ro\/wp-content\/uploads\/2020\/08\/tn_IMG_5282-300x200.jpg 300w, https:\/\/patrimoniu-galvds.ro\/wp-content\/uploads\/2020\/08\/tn_IMG_5282-768x512.jpg 768w\" sizes=\"(max-width: 800px) 100vw, 800px\" \/><\/figure><\/li><\/ul><\/figure>","protected":false},"excerpt":{"rendered":"<p>Prezentare general\u0103; Localitatea este format\u0103 din 3 sate Gighera ca re\u0219edin\u021b\u0103, Z\u0103val \u0219i Nedeia \u0219i are o suprafa\u021b\u0103 de 12968 ha \u0219i o popula\u021bie de 3013. Comuna se afl\u0103 situat\u0103 \u00een partea de sud a jude\u0163ului Dolj, la confluen\u0163a R\u00e2ului Jiu&nbsp;cu Dun\u0103rea, pe DN 55A Calafat-Bechet, la o distant\u0103 de 65 km fa\u0163\u0103 de ora\u0219ul [&hellip;]<\/p>","protected":false},"author":1,"featured_media":0,"parent":0,"menu_order":0,"comment_status":"closed","ping_status":"closed","template":"","meta":{"footnotes":""},"_links":{"self":[{"href":"https:\/\/patrimoniu-galvds.ro\/en\/wp-json\/wp\/v2\/pages\/818"}],"collection":[{"href":"https:\/\/patrimoniu-galvds.ro\/en\/wp-json\/wp\/v2\/pages"}],"about":[{"href":"https:\/\/patrimoniu-galvds.ro\/en\/wp-json\/wp\/v2\/types\/page"}],"author":[{"embeddable":true,"href":"https:\/\/patrimoniu-galvds.ro\/en\/wp-json\/wp\/v2\/users\/1"}],"replies":[{"embeddable":true,"href":"https:\/\/patrimoniu-galvds.ro\/en\/wp-json\/wp\/v2\/comments?post=818"}],"version-history":[{"count":1,"href":"https:\/\/patrimoniu-galvds.ro\/en\/wp-json\/wp\/v2\/pages\/818\/revisions"}],"predecessor-version":[{"id":830,"href":"https:\/\/patrimoniu-galvds.ro\/en\/wp-json\/wp\/v2\/pages\/818\/revisions\/830"}],"wp:attachment":[{"href":"https:\/\/patrimoniu-galvds.ro\/en\/wp-json\/wp\/v2\/media?parent=818"}],"curies":[{"name":"wp","href":"https:\/\/api.w.org\/{rel}","templated":true}]}}