{"id":766,"date":"2020-08-22T22:49:55","date_gmt":"2020-08-22T19:49:55","guid":{"rendered":"https:\/\/patrimoniu-galvds.ro.sahclubdrobeta.ro\/?page_id=766"},"modified":"2020-08-22T22:58:26","modified_gmt":"2020-08-22T19:58:26","slug":"comuna-gangiova","status":"publish","type":"page","link":"https:\/\/patrimoniu-galvds.ro\/en\/comuna-gangiova\/","title":{"rendered":"G\u00e2ngiova Township"},"content":{"rendered":"<p> <iframe loading=\"lazy\" src=\"https:\/\/www.youtube.com\/embed\/3WpcvrqRrWk\" width=\"560\" height=\"500\" frameborder=\"0\" allowfullscreen=\"allowfullscreen\"><\/iframe>  <\/p>\n\n\n\n<blockquote class=\"wp-block-quote\"><p><strong>Overview:<\/strong><\/p><\/blockquote>\n\n\n\n<p>G\u00e2ngiova Township is located in the western meadow of Jiu River, on Malu Mare terrace, which has absolute altitudes ranging from 65-90 meters and relative altitudes between 15-20 meters. The township, which covers an area of 5347 hectares, has a population of 2450 and consists of the following localities: G\u00e2ngiova \u2013 the administrative core of the township and the village of Como\u0219teni. The county road DJ 57 connects the township with the rest of the localities in Dolj County. The nearest towns are Segarcea \u2013 25 kilometres away \u2013 and Bechet \u2013 22 kilometres away from the centre of the township.<\/p>\n\n\n\n<blockquote class=\"wp-block-quote\"><p><strong>Contact details:<\/strong><\/p><\/blockquote>\n\n\n\n<p>Phone number: 0251-351505<\/p>\n\n\n\n<p>e-mail: gangiova@cjdolj.ro<\/p>\n\n\n\n<blockquote class=\"wp-block-quote\"><p><strong>Brief history:<\/strong><\/p><\/blockquote>\n\n\n\n<p>The first hearth of the inhabitants of these lands was the village of Rade\u015fti\u0163a, a name that means clearcut forest, cut forest. The village of Rade\u015fti\u0163a \u2013 the first hearth of the inhabitants of G\u00e2ngiova \u2013 appears in documents in the second half of the 16th century, respectively during Mihai Viteazul, the accomplisher of the first political union of the three Romanian countries, calling himself, in 1600, \u201cruler of the Romanian Country, of Ardeal and the whole country of Moldavia\u201d. From the analysis of this document, concerning the complaint of the peasants from Grece\u0219ti, we learn that at that time (15th of May 1814), the village of Rade\u015fti\u0163a still existed. Seven years later, however, in the year of the Revolution from 1821 led by Tudor Vladimirescu, in a document from that year, the village of G\u00e2ngiova first appears. Residents of the village of G\u00e2ngiova suffered even more heavy pressures during the Austrian occupation of Oltenia from 1718 to 1739. On them, as on most villages in this part of Oltenia, a particularly oppressive tax regime was established.<\/p>\n\n\n\n<blockquote class=\"wp-block-quote\"><p><strong>Identification data:<\/strong><\/p><\/blockquote>\n\n\n\n<p>The Town Hall of G\u00e2ngiova is located on DJ 57, Str. Principal\u0103, No. 346, G\u00e2ngiova township, Dolj County<\/p>\n\n\n\n<blockquote class=\"wp-block-quote\"><p><strong>Points of interest:<\/strong><\/p><\/blockquote>\n\n\n\n<p>&#8211;<strong> The Church of St. Dumitru G\u00e2ngiova<\/strong> was built from wall at the expense and labour of the township in 1943, being built on the foundation of an older wooden church, which dates from 1845, and was later restored in 1858 and 1890. On the church\u2019s porch was the following inscription: \u201cThis holy Church with the Assumption of Our Lady titular saint was made of the foundation in 1845 and was painted on 26th of October 1846 at the expense and labour of the village of G\u00e2ngiova, and in 1847 the pulpit was built by the exhortation and fatigue of the whole village of G\u00e2ngiova and painted with all the adornment in 17th of October 1890, and in 30th of August 1890, it was painted again at the expense of the parishioners of G\u00e2ngiova and other neighbouring villages\u201d.<em>. <\/em>The current Romanian-Br\u00e2ncovenian church with Byzantine-style spires was built in 1943. Its construction was executed by the Italian craftsman Giovani Vermini according to the plans of the architect Develante, and the fresco painting was executed by the painter Ion Calop\u0103reanu.<\/p>\n\n\n\n<p>&#8211; <strong>- The Old School<\/strong> was established in 1838 by the \u201cDepartment of the Interior\u201d of the Romanian Country, by the address of January 1838 to \u201cThe Board of Schools\u201d and to \u201cThe Leadership of Counties\u201d, by which it called for measures to be taken to establish \u201cschools\u201d in all villages, where the children of the inhabitants could have an education.<\/p>\n\n\n\n<p><strong>\u00a0- The Church of St. Nicholas<\/strong> in the village of Como\u0219teni was built in 1786 by the late patron \u015eerban L\u0103z\u0103rescu and his wife Ana.<\/p>\n\n\n\n<blockquote class=\"wp-block-quote\"><p><strong>Other information:<\/strong><\/p><\/blockquote>\n\n\n\n<blockquote class=\"wp-block-quote\"><p><strong>Personalities:<\/strong><\/p><\/blockquote>\n\n\n\n<p><strong>Cornel Boiangiu <\/strong>was born in G\u00e2ngiova, Dolj County. In 1959, when he was a student, Cornel Boiangiu was arrested and sentenced to 21 years in prison for anti-communist attitude. After his release in 1964, Cornel Boiangiu studied medicine and became a psychiatrist.<\/p>\n\n\n\n<blockquote class=\"wp-block-quote\"><p><strong>Local events:<\/strong><\/p><\/blockquote>\n\n\n\n<p>The St. Mary\u2019s Fair is held every year on 15th of August.<br>G\u00e2ngiova Township Day is held on 26th of October.<\/p>\n\n\n\n<blockquote class=\"wp-block-quote\"><p>Images Gallery:<\/p><\/blockquote>\n\n\n\n<figure class=\"wp-block-gallery columns-3 is-cropped wp-block-gallery-1 is-layout-flex wp-block-gallery-is-layout-flex\"><ul class=\"blocks-gallery-grid\"><li class=\"blocks-gallery-item\"><figure><img loading=\"lazy\" decoding=\"async\" width=\"800\" height=\"533\" src=\"https:\/\/patrimoniu-galvds.ro.sahclubdrobeta.ro\/wp-content\/uploads\/2020\/08\/tn_IMG_4906.jpg\" alt=\"\" data-id=\"767\" data-full-url=\"https:\/\/patrimoniu-galvds.ro.sahclubdrobeta.ro\/wp-content\/uploads\/2020\/08\/tn_IMG_4906.jpg\" data-link=\"https:\/\/patrimoniu-galvds.ro.sahclubdrobeta.ro\/?attachment_id=767\" class=\"wp-image-767\" srcset=\"https:\/\/patrimoniu-galvds.ro\/wp-content\/uploads\/2020\/08\/tn_IMG_4906.jpg 800w, https:\/\/patrimoniu-galvds.ro\/wp-content\/uploads\/2020\/08\/tn_IMG_4906-300x200.jpg 300w, https:\/\/patrimoniu-galvds.ro\/wp-content\/uploads\/2020\/08\/tn_IMG_4906-768x512.jpg 768w\" sizes=\"(max-width: 800px) 100vw, 800px\" \/><\/figure><\/li><li class=\"blocks-gallery-item\"><figure><img loading=\"lazy\" decoding=\"async\" width=\"800\" height=\"533\" src=\"https:\/\/patrimoniu-galvds.ro.sahclubdrobeta.ro\/wp-content\/uploads\/2020\/08\/tn_IMG_4912.jpg\" alt=\"\" data-id=\"773\" data-full-url=\"https:\/\/patrimoniu-galvds.ro.sahclubdrobeta.ro\/wp-content\/uploads\/2020\/08\/tn_IMG_4912.jpg\" data-link=\"https:\/\/patrimoniu-galvds.ro.sahclubdrobeta.ro\/?attachment_id=773\" class=\"wp-image-773\" srcset=\"https:\/\/patrimoniu-galvds.ro\/wp-content\/uploads\/2020\/08\/tn_IMG_4912.jpg 800w, https:\/\/patrimoniu-galvds.ro\/wp-content\/uploads\/2020\/08\/tn_IMG_4912-300x200.jpg 300w, https:\/\/patrimoniu-galvds.ro\/wp-content\/uploads\/2020\/08\/tn_IMG_4912-768x512.jpg 768w\" sizes=\"(max-width: 800px) 100vw, 800px\" \/><\/figure><\/li><li class=\"blocks-gallery-item\"><figure><img loading=\"lazy\" decoding=\"async\" width=\"800\" height=\"533\" src=\"https:\/\/patrimoniu-galvds.ro.sahclubdrobeta.ro\/wp-content\/uploads\/2020\/08\/tn_IMG_4918.jpg\" alt=\"\" data-id=\"780\" data-full-url=\"https:\/\/patrimoniu-galvds.ro.sahclubdrobeta.ro\/wp-content\/uploads\/2020\/08\/tn_IMG_4918.jpg\" data-link=\"https:\/\/patrimoniu-galvds.ro.sahclubdrobeta.ro\/comuna-gangiova\/tn_img_4918\/\" class=\"wp-image-780\" srcset=\"https:\/\/patrimoniu-galvds.ro\/wp-content\/uploads\/2020\/08\/tn_IMG_4918.jpg 800w, https:\/\/patrimoniu-galvds.ro\/wp-content\/uploads\/2020\/08\/tn_IMG_4918-300x200.jpg 300w, https:\/\/patrimoniu-galvds.ro\/wp-content\/uploads\/2020\/08\/tn_IMG_4918-768x512.jpg 768w\" sizes=\"(max-width: 800px) 100vw, 800px\" \/><\/figure><\/li><li class=\"blocks-gallery-item\"><figure><img loading=\"lazy\" decoding=\"async\" width=\"800\" height=\"533\" src=\"https:\/\/patrimoniu-galvds.ro.sahclubdrobeta.ro\/wp-content\/uploads\/2020\/08\/tn_IMG_4919.jpg\" alt=\"\" data-id=\"781\" data-full-url=\"https:\/\/patrimoniu-galvds.ro.sahclubdrobeta.ro\/wp-content\/uploads\/2020\/08\/tn_IMG_4919.jpg\" data-link=\"https:\/\/patrimoniu-galvds.ro.sahclubdrobeta.ro\/comuna-gangiova\/tn_img_4919\/\" class=\"wp-image-781\" srcset=\"https:\/\/patrimoniu-galvds.ro\/wp-content\/uploads\/2020\/08\/tn_IMG_4919.jpg 800w, https:\/\/patrimoniu-galvds.ro\/wp-content\/uploads\/2020\/08\/tn_IMG_4919-300x200.jpg 300w, https:\/\/patrimoniu-galvds.ro\/wp-content\/uploads\/2020\/08\/tn_IMG_4919-768x512.jpg 768w\" sizes=\"(max-width: 800px) 100vw, 800px\" \/><\/figure><\/li><li class=\"blocks-gallery-item\"><figure><img loading=\"lazy\" decoding=\"async\" width=\"800\" height=\"533\" src=\"https:\/\/patrimoniu-galvds.ro.sahclubdrobeta.ro\/wp-content\/uploads\/2020\/08\/tn_IMG_4925.jpg\" alt=\"\" data-id=\"787\" data-full-url=\"https:\/\/patrimoniu-galvds.ro.sahclubdrobeta.ro\/wp-content\/uploads\/2020\/08\/tn_IMG_4925.jpg\" data-link=\"https:\/\/patrimoniu-galvds.ro.sahclubdrobeta.ro\/comuna-gangiova\/tn_img_4925\/\" class=\"wp-image-787\" srcset=\"https:\/\/patrimoniu-galvds.ro\/wp-content\/uploads\/2020\/08\/tn_IMG_4925.jpg 800w, https:\/\/patrimoniu-galvds.ro\/wp-content\/uploads\/2020\/08\/tn_IMG_4925-300x200.jpg 300w, https:\/\/patrimoniu-galvds.ro\/wp-content\/uploads\/2020\/08\/tn_IMG_4925-768x512.jpg 768w\" sizes=\"(max-width: 800px) 100vw, 800px\" \/><\/figure><\/li><li class=\"blocks-gallery-item\"><figure><img loading=\"lazy\" decoding=\"async\" width=\"800\" height=\"533\" src=\"https:\/\/patrimoniu-galvds.ro.sahclubdrobeta.ro\/wp-content\/uploads\/2020\/08\/tn_IMG_4929.jpg\" alt=\"\" data-id=\"791\" data-full-url=\"https:\/\/patrimoniu-galvds.ro.sahclubdrobeta.ro\/wp-content\/uploads\/2020\/08\/tn_IMG_4929.jpg\" data-link=\"https:\/\/patrimoniu-galvds.ro.sahclubdrobeta.ro\/comuna-gangiova\/tn_img_4929\/\" class=\"wp-image-791\" srcset=\"https:\/\/patrimoniu-galvds.ro\/wp-content\/uploads\/2020\/08\/tn_IMG_4929.jpg 800w, https:\/\/patrimoniu-galvds.ro\/wp-content\/uploads\/2020\/08\/tn_IMG_4929-300x200.jpg 300w, https:\/\/patrimoniu-galvds.ro\/wp-content\/uploads\/2020\/08\/tn_IMG_4929-768x512.jpg 768w\" sizes=\"(max-width: 800px) 100vw, 800px\" \/><\/figure><\/li><li class=\"blocks-gallery-item\"><figure><img loading=\"lazy\" decoding=\"async\" width=\"400\" height=\"600\" src=\"https:\/\/patrimoniu-galvds.ro.sahclubdrobeta.ro\/wp-content\/uploads\/2020\/08\/tn_IMG_4933.jpg\" alt=\"\" data-id=\"795\" data-full-url=\"https:\/\/patrimoniu-galvds.ro.sahclubdrobeta.ro\/wp-content\/uploads\/2020\/08\/tn_IMG_4933.jpg\" data-link=\"https:\/\/patrimoniu-galvds.ro.sahclubdrobeta.ro\/comuna-gangiova\/tn_img_4933\/\" class=\"wp-image-795\" srcset=\"https:\/\/patrimoniu-galvds.ro\/wp-content\/uploads\/2020\/08\/tn_IMG_4933.jpg 400w, https:\/\/patrimoniu-galvds.ro\/wp-content\/uploads\/2020\/08\/tn_IMG_4933-200x300.jpg 200w\" sizes=\"(max-width: 400px) 100vw, 400px\" \/><\/figure><\/li><li class=\"blocks-gallery-item\"><figure><img loading=\"lazy\" decoding=\"async\" width=\"400\" height=\"600\" src=\"https:\/\/patrimoniu-galvds.ro.sahclubdrobeta.ro\/wp-content\/uploads\/2020\/08\/tn_IMG_4935.jpg\" alt=\"\" data-id=\"797\" data-full-url=\"https:\/\/patrimoniu-galvds.ro.sahclubdrobeta.ro\/wp-content\/uploads\/2020\/08\/tn_IMG_4935.jpg\" data-link=\"https:\/\/patrimoniu-galvds.ro.sahclubdrobeta.ro\/comuna-gangiova\/tn_img_4935\/\" class=\"wp-image-797\" srcset=\"https:\/\/patrimoniu-galvds.ro\/wp-content\/uploads\/2020\/08\/tn_IMG_4935.jpg 400w, https:\/\/patrimoniu-galvds.ro\/wp-content\/uploads\/2020\/08\/tn_IMG_4935-200x300.jpg 200w\" sizes=\"(max-width: 400px) 100vw, 400px\" \/><\/figure><\/li><li class=\"blocks-gallery-item\"><figure><img loading=\"lazy\" decoding=\"async\" width=\"800\" height=\"533\" src=\"https:\/\/patrimoniu-galvds.ro.sahclubdrobeta.ro\/wp-content\/uploads\/2020\/08\/tn_IMG_4938.jpg\" alt=\"\" data-id=\"800\" data-full-url=\"https:\/\/patrimoniu-galvds.ro.sahclubdrobeta.ro\/wp-content\/uploads\/2020\/08\/tn_IMG_4938.jpg\" data-link=\"https:\/\/patrimoniu-galvds.ro.sahclubdrobeta.ro\/comuna-gangiova\/tn_img_4938\/\" class=\"wp-image-800\" srcset=\"https:\/\/patrimoniu-galvds.ro\/wp-content\/uploads\/2020\/08\/tn_IMG_4938.jpg 800w, https:\/\/patrimoniu-galvds.ro\/wp-content\/uploads\/2020\/08\/tn_IMG_4938-300x200.jpg 300w, https:\/\/patrimoniu-galvds.ro\/wp-content\/uploads\/2020\/08\/tn_IMG_4938-768x512.jpg 768w\" sizes=\"(max-width: 800px) 100vw, 800px\" \/><\/figure><\/li><li class=\"blocks-gallery-item\"><figure><img loading=\"lazy\" decoding=\"async\" width=\"800\" height=\"533\" src=\"https:\/\/patrimoniu-galvds.ro.sahclubdrobeta.ro\/wp-content\/uploads\/2020\/08\/tn_IMG_4944.jpg\" alt=\"\" data-id=\"806\" data-full-url=\"https:\/\/patrimoniu-galvds.ro.sahclubdrobeta.ro\/wp-content\/uploads\/2020\/08\/tn_IMG_4944.jpg\" data-link=\"https:\/\/patrimoniu-galvds.ro.sahclubdrobeta.ro\/comuna-gangiova\/tn_img_4944\/\" class=\"wp-image-806\" srcset=\"https:\/\/patrimoniu-galvds.ro\/wp-content\/uploads\/2020\/08\/tn_IMG_4944.jpg 800w, https:\/\/patrimoniu-galvds.ro\/wp-content\/uploads\/2020\/08\/tn_IMG_4944-300x200.jpg 300w, https:\/\/patrimoniu-galvds.ro\/wp-content\/uploads\/2020\/08\/tn_IMG_4944-768x512.jpg 768w\" sizes=\"(max-width: 800px) 100vw, 800px\" \/><\/figure><\/li><li class=\"blocks-gallery-item\"><figure><img loading=\"lazy\" decoding=\"async\" width=\"800\" height=\"533\" src=\"https:\/\/patrimoniu-galvds.ro.sahclubdrobeta.ro\/wp-content\/uploads\/2020\/08\/tn_IMG_5290.jpg\" alt=\"\" data-id=\"813\" data-full-url=\"https:\/\/patrimoniu-galvds.ro.sahclubdrobeta.ro\/wp-content\/uploads\/2020\/08\/tn_IMG_5290.jpg\" data-link=\"https:\/\/patrimoniu-galvds.ro.sahclubdrobeta.ro\/comuna-gangiova\/tn_img_5290\/\" class=\"wp-image-813\" srcset=\"https:\/\/patrimoniu-galvds.ro\/wp-content\/uploads\/2020\/08\/tn_IMG_5290.jpg 800w, https:\/\/patrimoniu-galvds.ro\/wp-content\/uploads\/2020\/08\/tn_IMG_5290-300x200.jpg 300w, https:\/\/patrimoniu-galvds.ro\/wp-content\/uploads\/2020\/08\/tn_IMG_5290-768x512.jpg 768w\" sizes=\"(max-width: 800px) 100vw, 800px\" \/><\/figure><\/li><\/ul><\/figure>","protected":false},"excerpt":{"rendered":"<p>Prezentare general\u0103; Comuna G\u00e2ngiova este situat\u0103 \u00een lunca vestic\u0103 a r\u00e2ului Jiu, pe terasa Malu Mare, care are altitudini absolute cuprinse \u00eentre 65-90 metri \u015fi altitudini relative cuprinse \u00eentre 15-20 metri. Comuna ce se \u00eentinde pe o suprafa\u021ba de 5347 de hectare, are o popula\u021bie de 2450 \u0219i este format\u0103 din urm\u0103toarele localit\u0103\u0163i: G\u00e2ngiova \u2013 [&hellip;]<\/p>","protected":false},"author":1,"featured_media":0,"parent":0,"menu_order":0,"comment_status":"closed","ping_status":"closed","template":"","meta":{"footnotes":""},"_links":{"self":[{"href":"https:\/\/patrimoniu-galvds.ro\/en\/wp-json\/wp\/v2\/pages\/766"}],"collection":[{"href":"https:\/\/patrimoniu-galvds.ro\/en\/wp-json\/wp\/v2\/pages"}],"about":[{"href":"https:\/\/patrimoniu-galvds.ro\/en\/wp-json\/wp\/v2\/types\/page"}],"author":[{"embeddable":true,"href":"https:\/\/patrimoniu-galvds.ro\/en\/wp-json\/wp\/v2\/users\/1"}],"replies":[{"embeddable":true,"href":"https:\/\/patrimoniu-galvds.ro\/en\/wp-json\/wp\/v2\/comments?post=766"}],"version-history":[{"count":3,"href":"https:\/\/patrimoniu-galvds.ro\/en\/wp-json\/wp\/v2\/pages\/766\/revisions"}],"predecessor-version":[{"id":817,"href":"https:\/\/patrimoniu-galvds.ro\/en\/wp-json\/wp\/v2\/pages\/766\/revisions\/817"}],"wp:attachment":[{"href":"https:\/\/patrimoniu-galvds.ro\/en\/wp-json\/wp\/v2\/media?parent=766"}],"curies":[{"name":"wp","href":"https:\/\/api.w.org\/{rel}","templated":true}]}}