{"id":656,"date":"2020-08-22T21:45:45","date_gmt":"2020-08-22T18:45:45","guid":{"rendered":"https:\/\/patrimoniu-galvds.ro.sahclubdrobeta.ro\/?page_id=656"},"modified":"2020-08-22T21:53:37","modified_gmt":"2020-08-22T18:53:37","slug":"comuna-catane","status":"publish","type":"page","link":"https:\/\/patrimoniu-galvds.ro\/en\/comuna-catane\/","title":{"rendered":"Catane Township"},"content":{"rendered":"<p> <iframe loading=\"lazy\" src=\"https:\/\/www.youtube.com\/embed\/NCtu2IKlfS4\" width=\"560\" height=\"500\" frameborder=\"0\" allowfullscreen=\"allowfullscreen\"><\/iframe>  <\/p>\n\n\n\n<blockquote class=\"wp-block-quote\"><p><strong>Overview:<\/strong><\/p><\/blockquote>\n\n\n\n<p>The township of Catane with a population of 2024, is composed of two villages: Catane (residence) and Catane Noi, being located in the Danube plain, has the following neighbourhoods: to the north the village of Covei, to the south the Danube River, to the east the township of Bistre\u0163, to the west of the township of Negoi. The relief of the township is plain. The total area is 4659 ha. The largest share is the plain relief form (95% of the total area and the remaining 5% being forests and others). The township is crossed by DN 55 A which passes through the village of Catane and by the County Road 551 A which passes through the village of Catane Noi. The connection to the nearest railway is at a distance of 12 km from the township in Boureni. The nearest cities are B\u0103ile\u015fti, Calafat, Segarcea and Craiova. Main water courses: B\u0103l\u0103\u015fan and Str\u00e2mba streams.<\/p>\n\n\n\n<blockquote class=\"wp-block-quote\"><p><strong>Contact details:<\/strong><\/p><\/blockquote>\n\n\n\n<p><strong>Phone number: <\/strong>0251-319662<\/p>\n\n\n\n<p>www.primaria-catane.ro<\/p>\n\n\n\n<blockquote class=\"wp-block-quote\"><p><strong>Brief history:<\/strong><\/p><\/blockquote>\n\n\n\n<p>The history of Catane is lost in the mists of time. The village of Catane was originally called Str\u00e2mba, a name taken from Str\u00e2mba pond, which was on its southern side and which in 1900 stretched over 50 ha. Also from this pond took its name Str\u00e2mba Estate (Str\u00e2mbele), which was from ancient times the royal estate (from Radu IV the Great - year 1499, given in the possession of Govora Monastery in V\u00e2lcea county), and which appears in the archives of the reign of Radu Voivode in 1535 as \u201cthe settlement over Jiu, which is called Str\u00e2mbele, all of it,  and with the ponds and with the backwater and the corners all, and the pond and backwater, and in the plains, and Dumbrava Nisipului, and up to the border of C\u0103lug\u0103reni and from here to the border of the Hristeani\u201d.<\/p>\n\n\n\n<blockquote class=\"wp-block-quote\"><p><strong>Identification data:<\/strong><\/p><\/blockquote>\n\n\n\n<p>The town hall of Catane township is located on DN 55 A, Str. Principal\u0103, no. 208 (Postcode: 207431), Catane township, Dolj County.<\/p>\n\n\n\n<blockquote class=\"wp-block-quote\"><p><strong>Points of interest:<\/strong><\/p><\/blockquote>\n\n\n\n<p><strong>The Church \u201eSt. Nicholas\u201d <\/strong><em>dates back to 1843 and was built by Biv Vel Serdar Nicolae Iota. <\/em>The first known church in the village was located in a \u201chut with edge\u201d, while the construction we see today was completed. The church was built by the serdar (middle-ranking nobleman, captain of the horsemen) Nicolae Iota (from his name comes its patron saint), a former tenant on Str\u00e2mba estate, for 30 years, dedicated to Govora Monastery. The construction began in 1842 and was finished the following year, being inaugurated (opened) by Serdar Casandra, wife of Nicolae Io\u0163a (who died that year). In 1884 the church was floored with planks and garments were bought. At the urging of some church hierarchies, in 1904 it was decided to rebuild and radically restore the church, which had been deteriorated, but also because the population had increased and became unwieldy. Reconstruction was completed in 1906. Two towers were added, one large in the centre\/middle and one in front next to an older one.<\/p>\n\n\n\n<p><strong>Old School:<\/strong> In 1859, the school became a public one. It started from 5 students in 1859, reaching 150 in 1908 school year, of which 136 were boys and 14 were girls. The first school was the earthen hut where the church was. The next school was located in the Town Hall, across the street from the church, where it is now the Pharmacy (formerly \u201cCouncil\u201d or \u201cCouncil House\u201d). After two moves to private houses, in 1890 the school was built, with grades I-IV, across the street from the current Town Hall, at first with a single classroom, with 14 \u201cnon-systematic\u201d (non-identical) wooden benches. Later, after 1908, a classroom was built and, next door, the \u201cclass master\u201d, used in the years after 1950 as a kindergarten. In 1913, a new school with 2 classes and chancellery was built, which was demolished after 1989.<\/p>\n\n\n\n<p><strong>Old Town Hall:<\/strong> The first Town Hall in Catane was a house, covered with cane, somewhere east of today\u2019s pharmacy place across the street from the church. Then, in its place was built a house covered with planks, which functioned as a town hall but also as a school (houses of council). In 1907, the town hall (later People\u2019s Council) was built on the site of today\u2019s pharmacy. The old town hall (where the pharmacy now is located) was built in 1907, with 4,000 lei borrowed from the estate owner Ion Mitr\u0103nescu, at the persistence of the former mayor Stan Tu\u021bescu.<\/p>\n\n\n\n<p><strong>Heroes Monument: <\/strong>Next to the church is the monument built in honour of the villagers, 71 in number, who perished in the First World War (1916-1919) giving their lives, as shown on its base, \u201cfor the wholeness of the nation\u201d. Its price was borne by the village and was sanctified in 1924. It was a gesture of gratitude and respect for those who gave the ultimate sacrifice to the country, which was not repeated after the Second World War.<\/p>\n\n\n\n<blockquote class=\"wp-block-quote\"><p><strong>Other information:<\/strong><\/p><\/blockquote>\n\n\n\n<blockquote class=\"wp-block-quote\"><p><strong>Personalities:<\/strong><\/p><\/blockquote>\n\n\n\n<p><strong>Jean P\u0103dureanu<\/strong> was a Romanian football player who played for Craiova University and Gloria Bistri\u0163a. Although he was born in B\u0103ile\u015fti, the first part of his childhood was spent in Catane, his father being mayor and then president of CAP.<\/p>\n\n\n\n<blockquote class=\"wp-block-quote\"><p><strong>Local events:<\/strong><\/p><\/blockquote>\n\n\n\n<p>Township\u2019s Day is celebrated on 21st of May.<br>The communal fair is held on Tuesdays.<\/p>\n\n\n\n<blockquote class=\"wp-block-quote\"><p>Images Gallery:<\/p><\/blockquote>\n\n\n\n<figure class=\"wp-block-gallery columns-3 is-cropped wp-block-gallery-1 is-layout-flex wp-block-gallery-is-layout-flex\"><ul class=\"blocks-gallery-grid\"><li class=\"blocks-gallery-item\"><figure><img loading=\"lazy\" decoding=\"async\" width=\"800\" height=\"533\" src=\"https:\/\/patrimoniu-galvds.ro.sahclubdrobeta.ro\/wp-content\/uploads\/2020\/08\/tn_IMG_4820.jpg\" alt=\"\" data-id=\"659\" data-full-url=\"https:\/\/patrimoniu-galvds.ro.sahclubdrobeta.ro\/wp-content\/uploads\/2020\/08\/tn_IMG_4820.jpg\" data-link=\"https:\/\/patrimoniu-galvds.ro.sahclubdrobeta.ro\/?attachment_id=659\" class=\"wp-image-659\" srcset=\"https:\/\/patrimoniu-galvds.ro\/wp-content\/uploads\/2020\/08\/tn_IMG_4820.jpg 800w, https:\/\/patrimoniu-galvds.ro\/wp-content\/uploads\/2020\/08\/tn_IMG_4820-300x200.jpg 300w, https:\/\/patrimoniu-galvds.ro\/wp-content\/uploads\/2020\/08\/tn_IMG_4820-768x512.jpg 768w\" sizes=\"(max-width: 800px) 100vw, 800px\" \/><\/figure><\/li><li class=\"blocks-gallery-item\"><figure><img loading=\"lazy\" decoding=\"async\" width=\"800\" height=\"533\" src=\"https:\/\/patrimoniu-galvds.ro.sahclubdrobeta.ro\/wp-content\/uploads\/2020\/08\/tn_IMG_4821.jpg\" alt=\"\" data-id=\"660\" data-full-url=\"https:\/\/patrimoniu-galvds.ro.sahclubdrobeta.ro\/wp-content\/uploads\/2020\/08\/tn_IMG_4821.jpg\" data-link=\"https:\/\/patrimoniu-galvds.ro.sahclubdrobeta.ro\/?attachment_id=660\" class=\"wp-image-660\" srcset=\"https:\/\/patrimoniu-galvds.ro\/wp-content\/uploads\/2020\/08\/tn_IMG_4821.jpg 800w, https:\/\/patrimoniu-galvds.ro\/wp-content\/uploads\/2020\/08\/tn_IMG_4821-300x200.jpg 300w, https:\/\/patrimoniu-galvds.ro\/wp-content\/uploads\/2020\/08\/tn_IMG_4821-768x512.jpg 768w\" sizes=\"(max-width: 800px) 100vw, 800px\" \/><\/figure><\/li><li class=\"blocks-gallery-item\"><figure><img loading=\"lazy\" decoding=\"async\" width=\"800\" height=\"533\" src=\"https:\/\/patrimoniu-galvds.ro.sahclubdrobeta.ro\/wp-content\/uploads\/2020\/08\/tn_IMG_4823.jpg\" alt=\"\" data-id=\"662\" data-full-url=\"https:\/\/patrimoniu-galvds.ro.sahclubdrobeta.ro\/wp-content\/uploads\/2020\/08\/tn_IMG_4823.jpg\" data-link=\"https:\/\/patrimoniu-galvds.ro.sahclubdrobeta.ro\/?attachment_id=662\" class=\"wp-image-662\" srcset=\"https:\/\/patrimoniu-galvds.ro\/wp-content\/uploads\/2020\/08\/tn_IMG_4823.jpg 800w, https:\/\/patrimoniu-galvds.ro\/wp-content\/uploads\/2020\/08\/tn_IMG_4823-300x200.jpg 300w, https:\/\/patrimoniu-galvds.ro\/wp-content\/uploads\/2020\/08\/tn_IMG_4823-768x512.jpg 768w\" sizes=\"(max-width: 800px) 100vw, 800px\" \/><\/figure><\/li><li class=\"blocks-gallery-item\"><figure><img loading=\"lazy\" decoding=\"async\" width=\"800\" height=\"533\" src=\"https:\/\/patrimoniu-galvds.ro.sahclubdrobeta.ro\/wp-content\/uploads\/2020\/08\/tn_IMG_4827.jpg\" alt=\"\" data-id=\"666\" data-full-url=\"https:\/\/patrimoniu-galvds.ro.sahclubdrobeta.ro\/wp-content\/uploads\/2020\/08\/tn_IMG_4827.jpg\" data-link=\"https:\/\/patrimoniu-galvds.ro.sahclubdrobeta.ro\/?attachment_id=666\" class=\"wp-image-666\" srcset=\"https:\/\/patrimoniu-galvds.ro\/wp-content\/uploads\/2020\/08\/tn_IMG_4827.jpg 800w, https:\/\/patrimoniu-galvds.ro\/wp-content\/uploads\/2020\/08\/tn_IMG_4827-300x200.jpg 300w, https:\/\/patrimoniu-galvds.ro\/wp-content\/uploads\/2020\/08\/tn_IMG_4827-768x512.jpg 768w\" sizes=\"(max-width: 800px) 100vw, 800px\" \/><\/figure><\/li><li class=\"blocks-gallery-item\"><figure><img loading=\"lazy\" decoding=\"async\" width=\"800\" height=\"533\" src=\"https:\/\/patrimoniu-galvds.ro.sahclubdrobeta.ro\/wp-content\/uploads\/2020\/08\/tn_IMG_4832.jpg\" alt=\"\" data-id=\"671\" data-full-url=\"https:\/\/patrimoniu-galvds.ro.sahclubdrobeta.ro\/wp-content\/uploads\/2020\/08\/tn_IMG_4832.jpg\" data-link=\"https:\/\/patrimoniu-galvds.ro.sahclubdrobeta.ro\/?attachment_id=671\" class=\"wp-image-671\" srcset=\"https:\/\/patrimoniu-galvds.ro\/wp-content\/uploads\/2020\/08\/tn_IMG_4832.jpg 800w, https:\/\/patrimoniu-galvds.ro\/wp-content\/uploads\/2020\/08\/tn_IMG_4832-300x200.jpg 300w, https:\/\/patrimoniu-galvds.ro\/wp-content\/uploads\/2020\/08\/tn_IMG_4832-768x512.jpg 768w\" sizes=\"(max-width: 800px) 100vw, 800px\" \/><\/figure><\/li><li class=\"blocks-gallery-item\"><figure><img loading=\"lazy\" decoding=\"async\" width=\"800\" height=\"533\" src=\"https:\/\/patrimoniu-galvds.ro.sahclubdrobeta.ro\/wp-content\/uploads\/2020\/08\/tn_IMG_4836.jpg\" alt=\"\" data-id=\"675\" data-full-url=\"https:\/\/patrimoniu-galvds.ro.sahclubdrobeta.ro\/wp-content\/uploads\/2020\/08\/tn_IMG_4836.jpg\" data-link=\"https:\/\/patrimoniu-galvds.ro.sahclubdrobeta.ro\/?attachment_id=675\" class=\"wp-image-675\" srcset=\"https:\/\/patrimoniu-galvds.ro\/wp-content\/uploads\/2020\/08\/tn_IMG_4836.jpg 800w, https:\/\/patrimoniu-galvds.ro\/wp-content\/uploads\/2020\/08\/tn_IMG_4836-300x200.jpg 300w, https:\/\/patrimoniu-galvds.ro\/wp-content\/uploads\/2020\/08\/tn_IMG_4836-768x512.jpg 768w\" sizes=\"(max-width: 800px) 100vw, 800px\" \/><\/figure><\/li><li class=\"blocks-gallery-item\"><figure><img loading=\"lazy\" decoding=\"async\" width=\"800\" height=\"533\" src=\"https:\/\/patrimoniu-galvds.ro.sahclubdrobeta.ro\/wp-content\/uploads\/2020\/08\/tn_IMG_4842.jpg\" alt=\"\" data-id=\"681\" data-full-url=\"https:\/\/patrimoniu-galvds.ro.sahclubdrobeta.ro\/wp-content\/uploads\/2020\/08\/tn_IMG_4842.jpg\" data-link=\"https:\/\/patrimoniu-galvds.ro.sahclubdrobeta.ro\/?attachment_id=681\" class=\"wp-image-681\" srcset=\"https:\/\/patrimoniu-galvds.ro\/wp-content\/uploads\/2020\/08\/tn_IMG_4842.jpg 800w, https:\/\/patrimoniu-galvds.ro\/wp-content\/uploads\/2020\/08\/tn_IMG_4842-300x200.jpg 300w, https:\/\/patrimoniu-galvds.ro\/wp-content\/uploads\/2020\/08\/tn_IMG_4842-768x512.jpg 768w\" sizes=\"(max-width: 800px) 100vw, 800px\" \/><\/figure><\/li><li class=\"blocks-gallery-item\"><figure><img loading=\"lazy\" decoding=\"async\" width=\"800\" height=\"533\" src=\"https:\/\/patrimoniu-galvds.ro.sahclubdrobeta.ro\/wp-content\/uploads\/2020\/08\/tn_IMG_4843.jpg\" alt=\"\" data-id=\"682\" data-full-url=\"https:\/\/patrimoniu-galvds.ro.sahclubdrobeta.ro\/wp-content\/uploads\/2020\/08\/tn_IMG_4843.jpg\" data-link=\"https:\/\/patrimoniu-galvds.ro.sahclubdrobeta.ro\/?attachment_id=682\" class=\"wp-image-682\" srcset=\"https:\/\/patrimoniu-galvds.ro\/wp-content\/uploads\/2020\/08\/tn_IMG_4843.jpg 800w, https:\/\/patrimoniu-galvds.ro\/wp-content\/uploads\/2020\/08\/tn_IMG_4843-300x200.jpg 300w, https:\/\/patrimoniu-galvds.ro\/wp-content\/uploads\/2020\/08\/tn_IMG_4843-768x512.jpg 768w\" sizes=\"(max-width: 800px) 100vw, 800px\" \/><\/figure><\/li><li class=\"blocks-gallery-item\"><figure><img loading=\"lazy\" decoding=\"async\" width=\"800\" height=\"533\" src=\"https:\/\/patrimoniu-galvds.ro.sahclubdrobeta.ro\/wp-content\/uploads\/2020\/08\/tn_IMG_5335.jpg\" alt=\"\" data-id=\"683\" data-full-url=\"https:\/\/patrimoniu-galvds.ro.sahclubdrobeta.ro\/wp-content\/uploads\/2020\/08\/tn_IMG_5335.jpg\" data-link=\"https:\/\/patrimoniu-galvds.ro.sahclubdrobeta.ro\/?attachment_id=683\" class=\"wp-image-683\" srcset=\"https:\/\/patrimoniu-galvds.ro\/wp-content\/uploads\/2020\/08\/tn_IMG_5335.jpg 800w, https:\/\/patrimoniu-galvds.ro\/wp-content\/uploads\/2020\/08\/tn_IMG_5335-300x200.jpg 300w, https:\/\/patrimoniu-galvds.ro\/wp-content\/uploads\/2020\/08\/tn_IMG_5335-768x512.jpg 768w\" sizes=\"(max-width: 800px) 100vw, 800px\" \/><\/figure><\/li><li class=\"blocks-gallery-item\"><figure><img loading=\"lazy\" decoding=\"async\" width=\"800\" height=\"533\" src=\"https:\/\/patrimoniu-galvds.ro.sahclubdrobeta.ro\/wp-content\/uploads\/2020\/08\/tn_IMG_5339.jpg\" alt=\"\" data-id=\"687\" data-full-url=\"https:\/\/patrimoniu-galvds.ro.sahclubdrobeta.ro\/wp-content\/uploads\/2020\/08\/tn_IMG_5339.jpg\" data-link=\"https:\/\/patrimoniu-galvds.ro.sahclubdrobeta.ro\/?attachment_id=687\" class=\"wp-image-687\" srcset=\"https:\/\/patrimoniu-galvds.ro\/wp-content\/uploads\/2020\/08\/tn_IMG_5339.jpg 800w, https:\/\/patrimoniu-galvds.ro\/wp-content\/uploads\/2020\/08\/tn_IMG_5339-300x200.jpg 300w, https:\/\/patrimoniu-galvds.ro\/wp-content\/uploads\/2020\/08\/tn_IMG_5339-768x512.jpg 768w\" sizes=\"(max-width: 800px) 100vw, 800px\" \/><\/figure><\/li><\/ul><\/figure>","protected":false},"excerpt":{"rendered":"<p>Prezentare general\u0103; Comuna Catane cu o popula\u021bie de 2024, este compusa din doua sate: Catane (re\u0219edin\u021ba) \u0219i Catane Noi, fiind a\u0219ezata \u00een c\u00e2mpia Dunarii, are urm\u0103toarele vecin\u0103t\u0103\u021bi: la nord localitatea Covei, la sud Fluviul Dun\u0103re, la est Comuna Bistre\u021b, la vest Comuna Negoi. Relieful comunei este cel de c\u00e2mpie. Suprafa\u021ba total\u0103 este de 4659 de [&hellip;]<\/p>","protected":false},"author":1,"featured_media":0,"parent":0,"menu_order":0,"comment_status":"closed","ping_status":"closed","template":"","meta":{"footnotes":""},"_links":{"self":[{"href":"https:\/\/patrimoniu-galvds.ro\/en\/wp-json\/wp\/v2\/pages\/656"}],"collection":[{"href":"https:\/\/patrimoniu-galvds.ro\/en\/wp-json\/wp\/v2\/pages"}],"about":[{"href":"https:\/\/patrimoniu-galvds.ro\/en\/wp-json\/wp\/v2\/types\/page"}],"author":[{"embeddable":true,"href":"https:\/\/patrimoniu-galvds.ro\/en\/wp-json\/wp\/v2\/users\/1"}],"replies":[{"embeddable":true,"href":"https:\/\/patrimoniu-galvds.ro\/en\/wp-json\/wp\/v2\/comments?post=656"}],"version-history":[{"count":2,"href":"https:\/\/patrimoniu-galvds.ro\/en\/wp-json\/wp\/v2\/pages\/656\/revisions"}],"predecessor-version":[{"id":690,"href":"https:\/\/patrimoniu-galvds.ro\/en\/wp-json\/wp\/v2\/pages\/656\/revisions\/690"}],"wp:attachment":[{"href":"https:\/\/patrimoniu-galvds.ro\/en\/wp-json\/wp\/v2\/media?parent=656"}],"curies":[{"name":"wp","href":"https:\/\/api.w.org\/{rel}","templated":true}]}}