{"id":642,"date":"2020-08-22T21:26:28","date_gmt":"2020-08-22T18:26:28","guid":{"rendered":"https:\/\/patrimoniu-galvds.ro.sahclubdrobeta.ro\/?page_id=642"},"modified":"2020-08-22T21:26:29","modified_gmt":"2020-08-22T18:26:29","slug":"comuna-carna","status":"publish","type":"page","link":"https:\/\/patrimoniu-galvds.ro\/en\/comuna-carna\/","title":{"rendered":"C\u00e2rna Township"},"content":{"rendered":"<p> <iframe loading=\"lazy\" src=\"https:\/\/www.youtube.com\/embed\/8tEueT4PZb4\" width=\"560\" height=\"500\" frameborder=\"0\" allowfullscreen=\"allowfullscreen\"><\/iframe>  <\/p>\n\n\n\n<blockquote class=\"wp-block-quote\"><p><strong>Overview:<\/strong><\/p><\/blockquote>\n\n\n\n<p>C\u00e2rna Township is located in the southern part of Dolj County, 35 km away from the town of B\u0103ile\u015fti and 60 km away from the municipality of Craiova, along DN 55A and DJ 561. The township has an area of 2923 and a population of 1600. Specific activities are agriculture, zootechnics, fishing and hunting.<\/p>\n\n\n\n<blockquote class=\"wp-block-quote\"><p><strong>Contact details:<\/strong><\/p><\/blockquote>\n\n\n\n<p>Phone number: 0251-256824<\/p>\n\n\n\n<p>www.primaria.Carna.ro<\/p>\n\n\n\n<blockquote class=\"wp-block-quote\"><p><strong>Brief history:<\/strong><\/p><\/blockquote>\n\n\n\n<p>The village is documented from 1570 to 1571 by a charter given by Alexandru Mircea Voivode through which it strengthens the ownership of the great Lord Steward \u015etefan over the village of C\u00e2rna. C\u00e2rna as a locality is also mentioned in the map of Stolnic Constantin Cantacuzino from 1700, in the map of Schwatz from 1723, in the Viromondial conscription, the memoirs of General Bauer in 1778, in the map of Specht in 1790, and in the Russian map in 1853. An urn incineration necropolis was discovered in the Bronze Age, where the monuments contained an urn recipient accompanied by adjacent recipients covered by a structure that served as a lid.<\/p>\n\n\n\n<blockquote class=\"wp-block-quote\"><p><strong>Identification data:<\/strong><\/p><\/blockquote>\n\n\n\n<p>The Town Hall of C\u00e2rna is located on DJ 561, Str. Calea Craiovei, no. 58, Dolj County.<\/p>\n\n\n\n<blockquote class=\"wp-block-quote\"><p><strong>Points of interest:<\/strong><\/p><\/blockquote>\n\n\n\n<p><strong>- The Church \u201eHoly Archangels Michael and Gabriel\u201d <\/strong>is located on Str. A.I. Cuza No. 1, in the township of C\u00e2rna and was built in 1898 on the site of an old wooden church. The present place, built in the form of a cross, with Byzantine-style painting, is dedicated to the Archangels Michael and Gabriel.<\/p>\n\n\n\n<p><strong>- Lake Nasta and Lake C\u00e2rna <\/strong>are located in the southern part of C\u00e2rna township about 2 km from the Danube and are part of the Bistre\u0163-C\u00e2rna-Nedeia lagoon complex being wetlands that naturally had about 22,000 hectares as attested by the book Danube Flood Region, written by Dr. Grigore Antipa published at Carol G\u00f6bl Institute of Graphic Arts in 1910 .<\/p>\n\n\n\n<p><strong>- The oak \u201cfrom the Danube\u201d <\/strong>is a tall tree with strong, gnarled branches, wide and rich crown grown on the river bank next to C\u00e2rna Township. The bark of the oak tree is brownish-blackish, rough, deeply furrowed, which makes us think it is secular.<\/p>\n\n\n\n<blockquote class=\"wp-block-quote\"><p><strong>Other information:<\/strong><\/p><\/blockquote>\n\n\n\n<blockquote class=\"wp-block-quote\"><p><strong>Personalities:<\/strong><\/p><\/blockquote>\n\n\n\n<p>&#8211; <strong>Antonie Solomon<\/strong> \u00a0born on 18th of November 1955 in the township of C\u00e2rna was mayor of the municipality of Craiova and senator of Dolj.<\/p>\n\n\n\n<p><strong>&#8211; Gheorghe Berceanu<\/strong> former Olympic free wrestling champion was born on 28th of December 1949 in the township of C\u00e2rna. He won the world title in 1969 and 1972, the European title in 1970, 1972 and 1973, and a gold medal at the 1972 Olympic Games, taking second place in 1976. Berceanu spent most of his career at Steaua Bucure\u015fti, and later worked there as a coach.<\/p>\n\n\n\n<blockquote class=\"wp-block-quote\"><p><strong>Local events:<\/strong><\/p><\/blockquote>\n\n\n\n<p>\u2013 C\u00e2rna township Day is held on 15th of August<\/p>\n\n\n\n<p>\u2013 The Church \u201eHoly Archangels Michael and Gabriel\u201d titular saint is officiated on 7th of November<\/p>\n\n\n\n<blockquote class=\"wp-block-quote\"><p>Images Gallery:<\/p><\/blockquote>\n\n\n\n<figure class=\"wp-block-gallery columns-3 is-cropped wp-block-gallery-1 is-layout-flex wp-block-gallery-is-layout-flex\"><ul class=\"blocks-gallery-grid\"><li class=\"blocks-gallery-item\"><figure><img loading=\"lazy\" decoding=\"async\" width=\"800\" height=\"533\" src=\"https:\/\/patrimoniu-galvds.ro.sahclubdrobeta.ro\/wp-content\/uploads\/2020\/08\/tn_IMG_5178.jpg\" alt=\"\" data-id=\"643\" data-full-url=\"https:\/\/patrimoniu-galvds.ro.sahclubdrobeta.ro\/wp-content\/uploads\/2020\/08\/tn_IMG_5178.jpg\" data-link=\"https:\/\/patrimoniu-galvds.ro.sahclubdrobeta.ro\/?attachment_id=643\" class=\"wp-image-643\" srcset=\"https:\/\/patrimoniu-galvds.ro\/wp-content\/uploads\/2020\/08\/tn_IMG_5178.jpg 800w, https:\/\/patrimoniu-galvds.ro\/wp-content\/uploads\/2020\/08\/tn_IMG_5178-300x200.jpg 300w, https:\/\/patrimoniu-galvds.ro\/wp-content\/uploads\/2020\/08\/tn_IMG_5178-768x512.jpg 768w\" sizes=\"(max-width: 800px) 100vw, 800px\" \/><\/figure><\/li><li class=\"blocks-gallery-item\"><figure><img loading=\"lazy\" decoding=\"async\" width=\"400\" height=\"600\" src=\"https:\/\/patrimoniu-galvds.ro.sahclubdrobeta.ro\/wp-content\/uploads\/2020\/08\/tn_IMG_5179.jpg\" alt=\"\" data-id=\"644\" data-full-url=\"https:\/\/patrimoniu-galvds.ro.sahclubdrobeta.ro\/wp-content\/uploads\/2020\/08\/tn_IMG_5179.jpg\" data-link=\"https:\/\/patrimoniu-galvds.ro.sahclubdrobeta.ro\/?attachment_id=644\" class=\"wp-image-644\" srcset=\"https:\/\/patrimoniu-galvds.ro\/wp-content\/uploads\/2020\/08\/tn_IMG_5179.jpg 400w, https:\/\/patrimoniu-galvds.ro\/wp-content\/uploads\/2020\/08\/tn_IMG_5179-200x300.jpg 200w\" sizes=\"(max-width: 400px) 100vw, 400px\" \/><\/figure><\/li><li class=\"blocks-gallery-item\"><figure><img loading=\"lazy\" decoding=\"async\" width=\"400\" height=\"600\" src=\"https:\/\/patrimoniu-galvds.ro.sahclubdrobeta.ro\/wp-content\/uploads\/2020\/08\/tn_IMG_5180.jpg\" alt=\"\" data-id=\"645\" data-full-url=\"https:\/\/patrimoniu-galvds.ro.sahclubdrobeta.ro\/wp-content\/uploads\/2020\/08\/tn_IMG_5180.jpg\" data-link=\"https:\/\/patrimoniu-galvds.ro.sahclubdrobeta.ro\/?attachment_id=645\" class=\"wp-image-645\" srcset=\"https:\/\/patrimoniu-galvds.ro\/wp-content\/uploads\/2020\/08\/tn_IMG_5180.jpg 400w, https:\/\/patrimoniu-galvds.ro\/wp-content\/uploads\/2020\/08\/tn_IMG_5180-200x300.jpg 200w\" sizes=\"(max-width: 400px) 100vw, 400px\" \/><\/figure><\/li><li class=\"blocks-gallery-item\"><figure><img loading=\"lazy\" decoding=\"async\" width=\"400\" height=\"600\" src=\"https:\/\/patrimoniu-galvds.ro.sahclubdrobeta.ro\/wp-content\/uploads\/2020\/08\/tn_IMG_5183.jpg\" alt=\"\" data-id=\"646\" data-full-url=\"https:\/\/patrimoniu-galvds.ro.sahclubdrobeta.ro\/wp-content\/uploads\/2020\/08\/tn_IMG_5183.jpg\" data-link=\"https:\/\/patrimoniu-galvds.ro.sahclubdrobeta.ro\/?attachment_id=646\" class=\"wp-image-646\" srcset=\"https:\/\/patrimoniu-galvds.ro\/wp-content\/uploads\/2020\/08\/tn_IMG_5183.jpg 400w, https:\/\/patrimoniu-galvds.ro\/wp-content\/uploads\/2020\/08\/tn_IMG_5183-200x300.jpg 200w\" sizes=\"(max-width: 400px) 100vw, 400px\" \/><\/figure><\/li><li class=\"blocks-gallery-item\"><figure><img loading=\"lazy\" decoding=\"async\" width=\"800\" height=\"533\" src=\"https:\/\/patrimoniu-galvds.ro.sahclubdrobeta.ro\/wp-content\/uploads\/2020\/08\/tn_IMG_5186.jpg\" alt=\"\" data-id=\"647\" data-full-url=\"https:\/\/patrimoniu-galvds.ro.sahclubdrobeta.ro\/wp-content\/uploads\/2020\/08\/tn_IMG_5186.jpg\" data-link=\"https:\/\/patrimoniu-galvds.ro.sahclubdrobeta.ro\/?attachment_id=647\" class=\"wp-image-647\" srcset=\"https:\/\/patrimoniu-galvds.ro\/wp-content\/uploads\/2020\/08\/tn_IMG_5186.jpg 800w, https:\/\/patrimoniu-galvds.ro\/wp-content\/uploads\/2020\/08\/tn_IMG_5186-300x200.jpg 300w, https:\/\/patrimoniu-galvds.ro\/wp-content\/uploads\/2020\/08\/tn_IMG_5186-768x512.jpg 768w\" sizes=\"(max-width: 800px) 100vw, 800px\" \/><\/figure><\/li><li class=\"blocks-gallery-item\"><figure><img loading=\"lazy\" decoding=\"async\" width=\"800\" height=\"533\" src=\"https:\/\/patrimoniu-galvds.ro.sahclubdrobeta.ro\/wp-content\/uploads\/2020\/08\/tn_IMG_5188.jpg\" alt=\"\" data-id=\"648\" data-full-url=\"https:\/\/patrimoniu-galvds.ro.sahclubdrobeta.ro\/wp-content\/uploads\/2020\/08\/tn_IMG_5188.jpg\" data-link=\"https:\/\/patrimoniu-galvds.ro.sahclubdrobeta.ro\/?attachment_id=648\" class=\"wp-image-648\" srcset=\"https:\/\/patrimoniu-galvds.ro\/wp-content\/uploads\/2020\/08\/tn_IMG_5188.jpg 800w, https:\/\/patrimoniu-galvds.ro\/wp-content\/uploads\/2020\/08\/tn_IMG_5188-300x200.jpg 300w, https:\/\/patrimoniu-galvds.ro\/wp-content\/uploads\/2020\/08\/tn_IMG_5188-768x512.jpg 768w\" sizes=\"(max-width: 800px) 100vw, 800px\" \/><\/figure><\/li><li class=\"blocks-gallery-item\"><figure><img loading=\"lazy\" decoding=\"async\" width=\"800\" height=\"533\" src=\"https:\/\/patrimoniu-galvds.ro.sahclubdrobeta.ro\/wp-content\/uploads\/2020\/08\/tn_IMG_5197.jpg\" alt=\"\" data-id=\"649\" data-full-url=\"https:\/\/patrimoniu-galvds.ro.sahclubdrobeta.ro\/wp-content\/uploads\/2020\/08\/tn_IMG_5197.jpg\" data-link=\"https:\/\/patrimoniu-galvds.ro.sahclubdrobeta.ro\/?attachment_id=649\" class=\"wp-image-649\" srcset=\"https:\/\/patrimoniu-galvds.ro\/wp-content\/uploads\/2020\/08\/tn_IMG_5197.jpg 800w, https:\/\/patrimoniu-galvds.ro\/wp-content\/uploads\/2020\/08\/tn_IMG_5197-300x200.jpg 300w, https:\/\/patrimoniu-galvds.ro\/wp-content\/uploads\/2020\/08\/tn_IMG_5197-768x512.jpg 768w\" sizes=\"(max-width: 800px) 100vw, 800px\" \/><\/figure><\/li><li class=\"blocks-gallery-item\"><figure><img loading=\"lazy\" decoding=\"async\" width=\"800\" height=\"533\" src=\"https:\/\/patrimoniu-galvds.ro.sahclubdrobeta.ro\/wp-content\/uploads\/2020\/08\/tn_IMG_5199.jpg\" alt=\"\" data-id=\"650\" data-full-url=\"https:\/\/patrimoniu-galvds.ro.sahclubdrobeta.ro\/wp-content\/uploads\/2020\/08\/tn_IMG_5199.jpg\" data-link=\"https:\/\/patrimoniu-galvds.ro.sahclubdrobeta.ro\/?attachment_id=650\" class=\"wp-image-650\" srcset=\"https:\/\/patrimoniu-galvds.ro\/wp-content\/uploads\/2020\/08\/tn_IMG_5199.jpg 800w, https:\/\/patrimoniu-galvds.ro\/wp-content\/uploads\/2020\/08\/tn_IMG_5199-300x200.jpg 300w, https:\/\/patrimoniu-galvds.ro\/wp-content\/uploads\/2020\/08\/tn_IMG_5199-768x512.jpg 768w\" sizes=\"(max-width: 800px) 100vw, 800px\" \/><\/figure><\/li><li class=\"blocks-gallery-item\"><figure><img loading=\"lazy\" decoding=\"async\" width=\"800\" height=\"533\" src=\"https:\/\/patrimoniu-galvds.ro.sahclubdrobeta.ro\/wp-content\/uploads\/2020\/08\/tn_IMG_5200.jpg\" alt=\"\" data-id=\"651\" data-full-url=\"https:\/\/patrimoniu-galvds.ro.sahclubdrobeta.ro\/wp-content\/uploads\/2020\/08\/tn_IMG_5200.jpg\" data-link=\"https:\/\/patrimoniu-galvds.ro.sahclubdrobeta.ro\/?attachment_id=651\" class=\"wp-image-651\" srcset=\"https:\/\/patrimoniu-galvds.ro\/wp-content\/uploads\/2020\/08\/tn_IMG_5200.jpg 800w, https:\/\/patrimoniu-galvds.ro\/wp-content\/uploads\/2020\/08\/tn_IMG_5200-300x200.jpg 300w, https:\/\/patrimoniu-galvds.ro\/wp-content\/uploads\/2020\/08\/tn_IMG_5200-768x512.jpg 768w\" sizes=\"(max-width: 800px) 100vw, 800px\" \/><\/figure><\/li><li class=\"blocks-gallery-item\"><figure><img loading=\"lazy\" decoding=\"async\" width=\"800\" height=\"533\" src=\"https:\/\/patrimoniu-galvds.ro.sahclubdrobeta.ro\/wp-content\/uploads\/2020\/08\/tn_IMG_5203.jpg\" alt=\"\" data-id=\"652\" data-full-url=\"https:\/\/patrimoniu-galvds.ro.sahclubdrobeta.ro\/wp-content\/uploads\/2020\/08\/tn_IMG_5203.jpg\" data-link=\"https:\/\/patrimoniu-galvds.ro.sahclubdrobeta.ro\/?attachment_id=652\" class=\"wp-image-652\" srcset=\"https:\/\/patrimoniu-galvds.ro\/wp-content\/uploads\/2020\/08\/tn_IMG_5203.jpg 800w, https:\/\/patrimoniu-galvds.ro\/wp-content\/uploads\/2020\/08\/tn_IMG_5203-300x200.jpg 300w, https:\/\/patrimoniu-galvds.ro\/wp-content\/uploads\/2020\/08\/tn_IMG_5203-768x512.jpg 768w\" sizes=\"(max-width: 800px) 100vw, 800px\" \/><\/figure><\/li><li class=\"blocks-gallery-item\"><figure><img loading=\"lazy\" decoding=\"async\" width=\"800\" height=\"533\" src=\"https:\/\/patrimoniu-galvds.ro.sahclubdrobeta.ro\/wp-content\/uploads\/2020\/08\/tn_IMG_5209.jpg\" alt=\"\" data-id=\"653\" data-full-url=\"https:\/\/patrimoniu-galvds.ro.sahclubdrobeta.ro\/wp-content\/uploads\/2020\/08\/tn_IMG_5209.jpg\" data-link=\"https:\/\/patrimoniu-galvds.ro.sahclubdrobeta.ro\/?attachment_id=653\" class=\"wp-image-653\" srcset=\"https:\/\/patrimoniu-galvds.ro\/wp-content\/uploads\/2020\/08\/tn_IMG_5209.jpg 800w, https:\/\/patrimoniu-galvds.ro\/wp-content\/uploads\/2020\/08\/tn_IMG_5209-300x200.jpg 300w, https:\/\/patrimoniu-galvds.ro\/wp-content\/uploads\/2020\/08\/tn_IMG_5209-768x512.jpg 768w\" sizes=\"(max-width: 800px) 100vw, 800px\" \/><\/figure><\/li><\/ul><\/figure>","protected":false},"excerpt":{"rendered":"<p>Prezentare general\u0103 ; Comuna C\u00e2rna se situeaz\u0103 \u00een partea de Sud a jude\u021bului Dolj, la 35km de ora\u0219ul B\u0103ile\u0219ti \u0219i 60 km de Municipiul Craiova, de-a lungul DN 55A \u0219i al DJ 561. Comuna are o suprafa\u021b\u0103 de 2923 \u0219i o popula\u021bie de 1600. Activit\u0103\u021bi specifice sunt agricultura, zootehnia, pescuitul \u015fi v\u00e2n\u0103toarea. Date de contact: [&hellip;]<\/p>","protected":false},"author":1,"featured_media":0,"parent":0,"menu_order":0,"comment_status":"closed","ping_status":"closed","template":"","meta":{"footnotes":""},"_links":{"self":[{"href":"https:\/\/patrimoniu-galvds.ro\/en\/wp-json\/wp\/v2\/pages\/642"}],"collection":[{"href":"https:\/\/patrimoniu-galvds.ro\/en\/wp-json\/wp\/v2\/pages"}],"about":[{"href":"https:\/\/patrimoniu-galvds.ro\/en\/wp-json\/wp\/v2\/types\/page"}],"author":[{"embeddable":true,"href":"https:\/\/patrimoniu-galvds.ro\/en\/wp-json\/wp\/v2\/users\/1"}],"replies":[{"embeddable":true,"href":"https:\/\/patrimoniu-galvds.ro\/en\/wp-json\/wp\/v2\/comments?post=642"}],"version-history":[{"count":1,"href":"https:\/\/patrimoniu-galvds.ro\/en\/wp-json\/wp\/v2\/pages\/642\/revisions"}],"predecessor-version":[{"id":654,"href":"https:\/\/patrimoniu-galvds.ro\/en\/wp-json\/wp\/v2\/pages\/642\/revisions\/654"}],"wp:attachment":[{"href":"https:\/\/patrimoniu-galvds.ro\/en\/wp-json\/wp\/v2\/media?parent=642"}],"curies":[{"name":"wp","href":"https:\/\/api.w.org\/{rel}","templated":true}]}}